{"id":57677,"date":"2026-04-27T02:00:38","date_gmt":"2026-04-27T02:00:38","guid":{"rendered":""},"modified":"2026-04-27T02:00:38","modified_gmt":"2026-04-27T02:00:38","slug":"elleci-karisma-105-pealt-paigaldatav-graniit-koogivalamu","status":"publish","type":"product","link":"https:\/\/luxtehnikashop.ee\/et\/p\/elleci-karisma-105-pealt-paigaldatav-graniit-koogivalamu\/","title":{"rendered":"ELLECI KARISMA 105 Pealt Paigaldatav Graniit K\u00f6\u00f6givalamu"},"content":{"rendered":"","protected":false},"excerpt":{"rendered":"<p>K\u00f6\u00f6givalamu<br \/>Suvistatav<br \/><span>L\u00e4hedane looduslikule graniidile, kattega\u00a0<\/span>&#8220;PRO CLEAN&#8221; -antibakteriaal kaitsega<br \/>GRANITEK, METALTEK, KERATEK<br \/>Aluskapp 60 cm<br \/>Saadaval 8 v\u00e4rvitoonis<br \/>Valamu m\u00f5\u00f5dud: 570 x 500mm, r-5mm<br \/>Kausi m\u00f5\u00f5dud: 500 x 375 x 220mm\u00a0<\/p>\n","protected":false},"featured_media":57686,"template":"","meta":[],"product_cat":[62,170],"product_tag":[],"_links":{"self":[{"href":"https:\/\/luxtehnikashop.ee\/et\/wp-json\/wp\/v2\/product\/57677"}],"collection":[{"href":"https:\/\/luxtehnikashop.ee\/et\/wp-json\/wp\/v2\/product"}],"about":[{"href":"https:\/\/luxtehnikashop.ee\/et\/wp-json\/wp\/v2\/types\/product"}],"wp:featuredmedia":[{"embeddable":true,"href":"https:\/\/luxtehnikashop.ee\/et\/wp-json\/wp\/v2\/media\/57686"}],"wp:attachment":[{"href":"https:\/\/luxtehnikashop.ee\/et\/wp-json\/wp\/v2\/media?parent=57677"}],"wp:term":[{"taxonomy":"product_cat","embeddable":true,"href":"https:\/\/luxtehnikashop.ee\/et\/wp-json\/wp\/v2\/product_cat?post=57677"},{"taxonomy":"product_tag","embeddable":true,"href":"https:\/\/luxtehnikashop.ee\/et\/wp-json\/wp\/v2\/product_tag?post=57677"}],"curies":[{"name":"wp","href":"https:\/\/api.w.org\/{rel}","templated":true}]}}