{"id":57870,"date":"2026-04-21T02:00:45","date_gmt":"2026-04-21T02:00:45","guid":{"rendered":""},"modified":"2026-04-21T02:00:45","modified_gmt":"2026-04-21T02:00:45","slug":"artinox-layer-brp65-kaheastmeline-tasapinnaline-rst-koogivalamu","status":"publish","type":"product","link":"https:\/\/luxtehnikashop.ee\/et\/p\/artinox-layer-brp65-kaheastmeline-tasapinnaline-rst-koogivalamu\/","title":{"rendered":"ARTINOX LAYER BRP65 Kaheastmeline Tasapinnaline RST K\u00f6\u00f6givalamu"},"content":{"rendered":"","protected":false},"excerpt":{"rendered":"<p><span style=\"font-family:arial, helvetica, sans-serif;font-size:10pt;\">K\u00f6\u00f6givalamu Roostevabast terasest<br \/><\/span><span style=\"font-family:arial, helvetica, sans-serif;font-size:10pt;\">Pealt paigaldatav<br \/><\/span>Artinox Layeri sarja valamutel on ainulaadne kaheastmeline s\u00fcsteem,<br \/><span style=\"font-family:arial, helvetica, sans-serif;font-size:10pt;\"><span style=\"font-family:Verdana, Arial, Helvetica, sans-serif;font-size:11px;\">nii et saate t\u00f6\u00f6tada kahel tasandil. T\u00f5eline ruumis\u00e4\u00e4stja<\/span><\/span><br \/><span style=\"font-family:arial, helvetica, sans-serif;font-size:10pt;\">Aluskapp: 75cm<\/span><br \/><span style=\"font-family:arial, helvetica, sans-serif;font-size:10pt;\">Valamu m\u00f5\u00f5dud:\u00a0<\/span><span style=\"font-family:arial, helvetica, sans-serif;font-size:13.3333px;\">690 x 510 x 210mm<\/span><br \/><span style=\"font-family:arial, helvetica, sans-serif;font-size:10pt;\">Kausi m\u00f5\u00f5dud:<\/span>\u00a0<span style=\"font-family:arial, helvetica, sans-serif;font-size:13.3333px;\">650 x 350 x 210mm<\/span><br \/><span style=\"font-family:arial, helvetica, sans-serif;font-size:10pt;\">Kausi s\u00fcgavus: 210mm<\/span><br \/><span style=\"font-family:arial, helvetica, sans-serif;font-size:10pt;\">Pleki paksus 1mm<\/span><\/p>\n","protected":false},"featured_media":57872,"template":"","meta":[],"product_cat":[62,133],"product_tag":[],"_links":{"self":[{"href":"https:\/\/luxtehnikashop.ee\/et\/wp-json\/wp\/v2\/product\/57870"}],"collection":[{"href":"https:\/\/luxtehnikashop.ee\/et\/wp-json\/wp\/v2\/product"}],"about":[{"href":"https:\/\/luxtehnikashop.ee\/et\/wp-json\/wp\/v2\/types\/product"}],"wp:featuredmedia":[{"embeddable":true,"href":"https:\/\/luxtehnikashop.ee\/et\/wp-json\/wp\/v2\/media\/57872"}],"wp:attachment":[{"href":"https:\/\/luxtehnikashop.ee\/et\/wp-json\/wp\/v2\/media?parent=57870"}],"wp:term":[{"taxonomy":"product_cat","embeddable":true,"href":"https:\/\/luxtehnikashop.ee\/et\/wp-json\/wp\/v2\/product_cat?post=57870"},{"taxonomy":"product_tag","embeddable":true,"href":"https:\/\/luxtehnikashop.ee\/et\/wp-json\/wp\/v2\/product_tag?post=57870"}],"curies":[{"name":"wp","href":"https:\/\/api.w.org\/{rel}","templated":true}]}}