{"id":58395,"date":"2026-04-29T02:00:43","date_gmt":"2026-04-29T02:00:43","guid":{"rendered":""},"modified":"2026-04-29T02:00:43","modified_gmt":"2026-04-29T02:00:43","slug":"artinox-planum-st-70-roostevabast-terasest-alt-paigaldatav-koogivalamu","status":"publish","type":"product","link":"https:\/\/luxtehnikashop.ee\/et\/p\/artinox-planum-st-70-roostevabast-terasest-alt-paigaldatav-koogivalamu\/","title":{"rendered":"ARTINOX PLANUM ST 70 Roostevabast terasest Alt paigaldatav K\u00f6\u00f6givalamu"},"content":{"rendered":"","protected":false},"excerpt":{"rendered":"<p><span style=\"font-family:arial, helvetica, sans-serif;font-size:10pt;\">K\u00f6\u00f6givalamu Roostevabast terasest<br \/><\/span><span style=\"font-family:arial, helvetica, sans-serif;font-size:10pt;\"><span style=\"font-family:arial, helvetica, sans-serif;\"><span style=\"font-size:13.3333px;\">Alt paigaldatav<br \/><\/span><\/span><\/span><span style=\"font-family:arial, helvetica, sans-serif;font-size:10pt;\"><\/span>Artinox Planum sarja valamutel on ainulaadne kaheastmeline s\u00fcsteem,<br \/><span style=\"font-family:arial, helvetica, sans-serif;font-size:10pt;\"><span style=\"font-family:Verdana, Arial, Helvetica, sans-serif;font-size:11px;\">nii et saate t\u00f6\u00f6tada kahel tasandil. T\u00f5eline ruumis\u00e4\u00e4stja<\/span><\/span><br \/><span style=\"font-family:arial, helvetica, sans-serif;font-size:10pt;\">Aluskapp: 80cm<\/span><br \/><span style=\"font-family:arial, helvetica, sans-serif;font-size:10pt;\">Valamu m\u00f5\u00f5dud: <\/span><span style=\"font-family:arial, helvetica, sans-serif;\"><span style=\"font-size:13.3333px;\">740 x 440 x 224\u043c\u043c<\/span><\/span><br \/><span style=\"font-family:arial, helvetica, sans-serif;font-size:10pt;\">Kausi m\u00f5\u00f5dud:\u00a0<\/span><span style=\"font-family:arial, helvetica, sans-serif;font-size:13.3333px;\"> 700 x 350 x 224 \u043c\u043c<\/span><br \/><span style=\"font-family:arial, helvetica, sans-serif;font-size:10pt;\">Kausi s\u00fcgavus: 224mm<\/span><br \/><span style=\"font-family:arial, helvetica, sans-serif;font-size:10pt;\">Pleki paksus 1mm<\/span><\/p>\n","protected":false},"featured_media":58397,"template":"","meta":[],"product_cat":[62,133],"product_tag":[],"_links":{"self":[{"href":"https:\/\/luxtehnikashop.ee\/et\/wp-json\/wp\/v2\/product\/58395"}],"collection":[{"href":"https:\/\/luxtehnikashop.ee\/et\/wp-json\/wp\/v2\/product"}],"about":[{"href":"https:\/\/luxtehnikashop.ee\/et\/wp-json\/wp\/v2\/types\/product"}],"wp:featuredmedia":[{"embeddable":true,"href":"https:\/\/luxtehnikashop.ee\/et\/wp-json\/wp\/v2\/media\/58397"}],"wp:attachment":[{"href":"https:\/\/luxtehnikashop.ee\/et\/wp-json\/wp\/v2\/media?parent=58395"}],"wp:term":[{"taxonomy":"product_cat","embeddable":true,"href":"https:\/\/luxtehnikashop.ee\/et\/wp-json\/wp\/v2\/product_cat?post=58395"},{"taxonomy":"product_tag","embeddable":true,"href":"https:\/\/luxtehnikashop.ee\/et\/wp-json\/wp\/v2\/product_tag?post=58395"}],"curies":[{"name":"wp","href":"https:\/\/api.w.org\/{rel}","templated":true}]}}