{"id":58647,"date":"2026-04-29T02:00:20","date_gmt":"2026-04-29T02:00:20","guid":{"rendered":""},"modified":"2026-04-29T02:00:20","modified_gmt":"2026-04-29T02:00:20","slug":"kuppersbusch-ki-8520-0-wr-valge-induktsioon-pliidiplaat","status":"publish","type":"product","link":"https:\/\/luxtehnikashop.ee\/et\/p\/kuppersbusch-ki-8520-0-wr-valge-induktsioon-pliidiplaat\/","title":{"rendered":"KUPPERSBUSCH KI 8520.0 WR Valge Induktsioon pliidiplaat"},"content":{"rendered":"","protected":false},"excerpt":{"rendered":"<p>Induktsioon pliidiplaat,<br \/>Viimistlus: VALGE,<br \/>Tasapinnaline,<br \/>V\u00f5imsusastet 1 &#8211; 11, \u00abSelectControl\u00bb ,<br \/>1 Spets aste: soojuse s\u00e4ilimine ca. 70 \u00b0 C,<br \/>SILD funktsioon- Vasakpoolsed tsoonid omavahel \u00fchendatavad<br \/>V\u00e4lism\u00f5\u00f5dud: ~ 800x520mm<\/p>\n","protected":false},"featured_media":58649,"template":"","meta":[],"product_cat":[77,78],"product_tag":[],"_links":{"self":[{"href":"https:\/\/luxtehnikashop.ee\/et\/wp-json\/wp\/v2\/product\/58647"}],"collection":[{"href":"https:\/\/luxtehnikashop.ee\/et\/wp-json\/wp\/v2\/product"}],"about":[{"href":"https:\/\/luxtehnikashop.ee\/et\/wp-json\/wp\/v2\/types\/product"}],"wp:featuredmedia":[{"embeddable":true,"href":"https:\/\/luxtehnikashop.ee\/et\/wp-json\/wp\/v2\/media\/58649"}],"wp:attachment":[{"href":"https:\/\/luxtehnikashop.ee\/et\/wp-json\/wp\/v2\/media?parent=58647"}],"wp:term":[{"taxonomy":"product_cat","embeddable":true,"href":"https:\/\/luxtehnikashop.ee\/et\/wp-json\/wp\/v2\/product_cat?post=58647"},{"taxonomy":"product_tag","embeddable":true,"href":"https:\/\/luxtehnikashop.ee\/et\/wp-json\/wp\/v2\/product_tag?post=58647"}],"curies":[{"name":"wp","href":"https:\/\/api.w.org\/{rel}","templated":true}]}}