{"id":58766,"date":"2026-04-22T02:00:40","date_gmt":"2026-04-22T02:00:40","guid":{"rendered":""},"modified":"2026-04-22T02:00:40","modified_gmt":"2026-04-22T02:00:40","slug":"artinox-layer-sbr81-koogivalamu-roostevabast-terasest","status":"publish","type":"product","link":"https:\/\/luxtehnikashop.ee\/et\/p\/artinox-layer-sbr81-koogivalamu-roostevabast-terasest\/","title":{"rendered":"ARTINOX LAYER SBR81 K\u00f6\u00f6givalamu Roostevabast terasest"},"content":{"rendered":"","protected":false},"excerpt":{"rendered":"<p><span style=\"font-family:arial, helvetica, sans-serif;font-size:10pt;\">K\u00f6\u00f6givalamu Roostevabast terasest<br \/>Kivipinnale alt monteeritav,\u00a0<\/span><span style=\"font-family:arial, helvetica, sans-serif;font-size:10pt;\">Pealt paigaldatav<br \/><\/span>Artinox Layeri sarja valamutel on ainulaadne kaheastmeline s\u00fcsteem,<br \/><span style=\"font-family:arial, helvetica, sans-serif;font-size:10pt;\"><span style=\"font-family:Verdana, Arial, Helvetica, sans-serif;font-size:11px;\">nii et saate t\u00f6\u00f6tada kahel tasandil. T\u00f5eline ruumis\u00e4\u00e4stja<\/span><\/span><br \/><span style=\"font-family:arial, helvetica, sans-serif;font-size:10pt;\">Aluskapp: 90cm<\/span><br \/><span style=\"font-family:arial, helvetica, sans-serif;font-size:10pt;\">Valamu m\u00f5\u00f5dud: <\/span><span style=\"font-family:arial, helvetica, sans-serif;font-size:13.3333px;\">850X450X210mm<\/span><br \/><span style=\"font-family:arial, helvetica, sans-serif;font-size:10pt;\">Kausi m\u00f5\u00f5dud:\u00a0<\/span><span style=\"font-family:arial, helvetica, sans-serif;font-size:13.3333px;\">810X350X210mm<\/span><br \/><span style=\"font-family:arial, helvetica, sans-serif;font-size:10pt;\">Kausi s\u00fcgavus: 210mm<\/span><br \/><span style=\"font-family:arial, helvetica, sans-serif;font-size:10pt;\">Pleki paksus 1mm<\/span><\/p>\n","protected":false},"featured_media":58769,"template":"","meta":[],"product_cat":[62,133],"product_tag":[],"_links":{"self":[{"href":"https:\/\/luxtehnikashop.ee\/et\/wp-json\/wp\/v2\/product\/58766"}],"collection":[{"href":"https:\/\/luxtehnikashop.ee\/et\/wp-json\/wp\/v2\/product"}],"about":[{"href":"https:\/\/luxtehnikashop.ee\/et\/wp-json\/wp\/v2\/types\/product"}],"wp:featuredmedia":[{"embeddable":true,"href":"https:\/\/luxtehnikashop.ee\/et\/wp-json\/wp\/v2\/media\/58769"}],"wp:attachment":[{"href":"https:\/\/luxtehnikashop.ee\/et\/wp-json\/wp\/v2\/media?parent=58766"}],"wp:term":[{"taxonomy":"product_cat","embeddable":true,"href":"https:\/\/luxtehnikashop.ee\/et\/wp-json\/wp\/v2\/product_cat?post=58766"},{"taxonomy":"product_tag","embeddable":true,"href":"https:\/\/luxtehnikashop.ee\/et\/wp-json\/wp\/v2\/product_tag?post=58766"}],"curies":[{"name":"wp","href":"https:\/\/api.w.org\/{rel}","templated":true}]}}