{"id":58938,"date":"2026-04-23T02:00:45","date_gmt":"2026-04-23T02:00:45","guid":{"rendered":""},"modified":"2026-04-23T02:00:45","modified_gmt":"2026-04-23T02:00:45","slug":"artinox-athom-valjatommatava-dusivoolikuga-varviline-koogisegisti","status":"publish","type":"product","link":"https:\/\/luxtehnikashop.ee\/et\/p\/artinox-athom-valjatommatava-dusivoolikuga-varviline-koogisegisti\/","title":{"rendered":"ARTINOX ATHOM V\u00e4lj\u00e4t\u00f5mmatava du\u0161ivoolikuga v\u00e4rviline K\u00f6\u00f6gisegisti"},"content":{"rendered":"","protected":false},"excerpt":{"rendered":"<p>K\u00f6\u00f6gisegisti<br \/>V\u00e4lj\u00e4t\u00f5mmatava du\u0161ivoolikuga<br \/>Kergelt k\u00e4sitlev K\u00e4sidu\u0161\u0161<br \/>Pinnat\u00f6\u00f6tlus: gun metal, copper bronze, pale gold<br \/><span>Kaasaegne disain<\/span><br \/><span>\u00dche p\u00f6\u00f6rleva k\u00e4epideme hoovaga segisti<\/span><\/p>\n","protected":false},"featured_media":58942,"template":"","meta":[],"product_cat":[275],"product_tag":[],"_links":{"self":[{"href":"https:\/\/luxtehnikashop.ee\/et\/wp-json\/wp\/v2\/product\/58938"}],"collection":[{"href":"https:\/\/luxtehnikashop.ee\/et\/wp-json\/wp\/v2\/product"}],"about":[{"href":"https:\/\/luxtehnikashop.ee\/et\/wp-json\/wp\/v2\/types\/product"}],"wp:featuredmedia":[{"embeddable":true,"href":"https:\/\/luxtehnikashop.ee\/et\/wp-json\/wp\/v2\/media\/58942"}],"wp:attachment":[{"href":"https:\/\/luxtehnikashop.ee\/et\/wp-json\/wp\/v2\/media?parent=58938"}],"wp:term":[{"taxonomy":"product_cat","embeddable":true,"href":"https:\/\/luxtehnikashop.ee\/et\/wp-json\/wp\/v2\/product_cat?post=58938"},{"taxonomy":"product_tag","embeddable":true,"href":"https:\/\/luxtehnikashop.ee\/et\/wp-json\/wp\/v2\/product_tag?post=58938"}],"curies":[{"name":"wp","href":"https:\/\/api.w.org\/{rel}","templated":true}]}}