{"id":58961,"date":"2026-04-26T02:00:43","date_gmt":"2026-04-26T02:00:43","guid":{"rendered":""},"modified":"2026-04-26T02:00:43","modified_gmt":"2026-04-26T02:00:43","slug":"artinox-loft-rst-kasidusiga-koogisegisti","status":"publish","type":"product","link":"https:\/\/luxtehnikashop.ee\/et\/p\/artinox-loft-rst-kasidusiga-koogisegisti\/","title":{"rendered":"ARTINOX LOFT RST K\u00e4sidu\u0161iga K\u00f6\u00f6gisegisti"},"content":{"rendered":"","protected":false},"excerpt":{"rendered":"<p>K\u00f6\u00f6gisegisti<br \/>Pinnat\u00f6\u00f6tlus: Stainless steel\/ Roostevaba Teras<br \/>V\u00e4lj\u00e4t\u00f5mmatava du\u0161ivoolikuga<br \/>Kergelt k\u00e4sitlev K\u00e4sidu\u0161\u0161<br \/>Kaasaegne disain<br \/>\u00dche p\u00f6\u00f6rleva k\u00e4epideme hoovaga segisti<\/p>\n","protected":false},"featured_media":58962,"template":"","meta":[],"product_cat":[275],"product_tag":[],"_links":{"self":[{"href":"https:\/\/luxtehnikashop.ee\/et\/wp-json\/wp\/v2\/product\/58961"}],"collection":[{"href":"https:\/\/luxtehnikashop.ee\/et\/wp-json\/wp\/v2\/product"}],"about":[{"href":"https:\/\/luxtehnikashop.ee\/et\/wp-json\/wp\/v2\/types\/product"}],"wp:featuredmedia":[{"embeddable":true,"href":"https:\/\/luxtehnikashop.ee\/et\/wp-json\/wp\/v2\/media\/58962"}],"wp:attachment":[{"href":"https:\/\/luxtehnikashop.ee\/et\/wp-json\/wp\/v2\/media?parent=58961"}],"wp:term":[{"taxonomy":"product_cat","embeddable":true,"href":"https:\/\/luxtehnikashop.ee\/et\/wp-json\/wp\/v2\/product_cat?post=58961"},{"taxonomy":"product_tag","embeddable":true,"href":"https:\/\/luxtehnikashop.ee\/et\/wp-json\/wp\/v2\/product_tag?post=58961"}],"curies":[{"name":"wp","href":"https:\/\/api.w.org\/{rel}","templated":true}]}}