{"id":58976,"date":"2026-04-21T02:00:46","date_gmt":"2026-04-21T02:00:46","guid":{"rendered":""},"modified":"2026-04-21T02:00:46","modified_gmt":"2026-04-21T02:00:46","slug":"artinox-vertigo-ristkulikukujuline-rst-koogisegisti","status":"publish","type":"product","link":"https:\/\/luxtehnikashop.ee\/et\/p\/artinox-vertigo-ristkulikukujuline-rst-koogisegisti\/","title":{"rendered":"ARTINOX VERTIGO Ristk\u00fclikukujuline RST K\u00f6\u00f6gisegisti"},"content":{"rendered":"","protected":false},"excerpt":{"rendered":"<p>Ristk\u00fclikukujuline K\u00f6\u00f6gisegisti<br \/>Kaasaegne \u00a0disain<br \/>Lihtne, elegantne ja sirgete joontega vorm nakkab<br \/>Suurep\u00e4rane t\u00e4iendus SQUARE valamuseeriale<br \/>\u00dche p\u00f6\u00f6rleva k\u00e4epideme hoovaga segisti<br \/>Keraamiline seadeosa<\/p>\n","protected":false},"featured_media":58978,"template":"","meta":[],"product_cat":[275],"product_tag":[],"_links":{"self":[{"href":"https:\/\/luxtehnikashop.ee\/et\/wp-json\/wp\/v2\/product\/58976"}],"collection":[{"href":"https:\/\/luxtehnikashop.ee\/et\/wp-json\/wp\/v2\/product"}],"about":[{"href":"https:\/\/luxtehnikashop.ee\/et\/wp-json\/wp\/v2\/types\/product"}],"wp:featuredmedia":[{"embeddable":true,"href":"https:\/\/luxtehnikashop.ee\/et\/wp-json\/wp\/v2\/media\/58978"}],"wp:attachment":[{"href":"https:\/\/luxtehnikashop.ee\/et\/wp-json\/wp\/v2\/media?parent=58976"}],"wp:term":[{"taxonomy":"product_cat","embeddable":true,"href":"https:\/\/luxtehnikashop.ee\/et\/wp-json\/wp\/v2\/product_cat?post=58976"},{"taxonomy":"product_tag","embeddable":true,"href":"https:\/\/luxtehnikashop.ee\/et\/wp-json\/wp\/v2\/product_tag?post=58976"}],"curies":[{"name":"wp","href":"https:\/\/api.w.org\/{rel}","templated":true}]}}