{"id":59273,"date":"2026-04-27T02:00:14","date_gmt":"2026-04-27T02:00:14","guid":{"rendered":""},"modified":"2026-04-27T02:00:14","modified_gmt":"2026-04-27T02:00:14","slug":"franke-mrg110-52-alt-paigaldatav-fragranit-koogivalamu","status":"publish","type":"product","link":"https:\/\/luxtehnikashop.ee\/et\/p\/franke-mrg110-52-alt-paigaldatav-fragranit-koogivalamu\/","title":{"rendered":"FRANKE MRG110-52 Alt paigaldatav Fragranit K\u00f6\u00f6givalamu"},"content":{"rendered":"","protected":false},"excerpt":{"rendered":"<p>K\u00f6\u00f6givalamu<br \/>T\u00f6\u00f6pinna alla paigaldatav<br \/>FRAGRANIT &#8211; l\u00e4hedane looduslikule graniidile, kattega -antibakteriaalse kaitsega ( sisaldab h\u00f5beioone ) graniitkivist<br \/>Katteplaadiga ulevool<br \/>Aluskapp: 60 cm, Nurgakapile &#8211; 90x90cm<br \/>Valamu m\u00f5\u00f5dud \u00a0(w x d x h): 533x433mm<br \/>Kausi m\u00f5\u00f5dud (w x d x h),520x400x200mm<br \/>Kausi nurgaraadius 20mm<\/p>\n<div>\u00a0<\/div>\n","protected":false},"featured_media":59284,"template":"","meta":[],"product_cat":[62,170],"product_tag":[],"_links":{"self":[{"href":"https:\/\/luxtehnikashop.ee\/et\/wp-json\/wp\/v2\/product\/59273"}],"collection":[{"href":"https:\/\/luxtehnikashop.ee\/et\/wp-json\/wp\/v2\/product"}],"about":[{"href":"https:\/\/luxtehnikashop.ee\/et\/wp-json\/wp\/v2\/types\/product"}],"wp:featuredmedia":[{"embeddable":true,"href":"https:\/\/luxtehnikashop.ee\/et\/wp-json\/wp\/v2\/media\/59284"}],"wp:attachment":[{"href":"https:\/\/luxtehnikashop.ee\/et\/wp-json\/wp\/v2\/media?parent=59273"}],"wp:term":[{"taxonomy":"product_cat","embeddable":true,"href":"https:\/\/luxtehnikashop.ee\/et\/wp-json\/wp\/v2\/product_cat?post=59273"},{"taxonomy":"product_tag","embeddable":true,"href":"https:\/\/luxtehnikashop.ee\/et\/wp-json\/wp\/v2\/product_tag?post=59273"}],"curies":[{"name":"wp","href":"https:\/\/api.w.org\/{rel}","templated":true}]}}