{"id":59353,"date":"2026-04-24T02:00:23","date_gmt":"2026-04-24T02:00:23","guid":{"rendered":""},"modified":"2026-04-24T02:00:23","modified_gmt":"2026-04-24T02:00:23","slug":"franke-atlas-neo-koogisegisti-kasidusiga","status":"publish","type":"product","link":"https:\/\/luxtehnikashop.ee\/et\/p\/franke-atlas-neo-koogisegisti-kasidusiga\/","title":{"rendered":"FRANKE ATLAS NEO K\u00f6\u00f6gisegisti K\u00e4sidu\u0161iga"},"content":{"rendered":"","protected":false},"excerpt":{"rendered":"<p>K\u00f6\u00f6gisegisti<br \/>V\u00e4lj\u00e4t\u00f5mmatava du\u0161ivoolikuga<br \/>Kergelt k\u00e4sitlev K\u00e4sidu\u0161\u0161<br \/>Kaasaegne disain<br \/>\u00dche p\u00f6\u00f6rleva k\u00e4epideme hoovaga segisti<br \/>Pinnat\u00f6\u00f6tlus: I<strong><span style=\"font-weight:400;\">nox,\u00a0<\/span><\/strong><strong><span style=\"font-weight:400;\">Industrial black, Anthrazite, Copper, Bronze<\/span><\/strong><\/p>\n","protected":false},"featured_media":59359,"template":"","meta":[],"product_cat":[275],"product_tag":[],"_links":{"self":[{"href":"https:\/\/luxtehnikashop.ee\/et\/wp-json\/wp\/v2\/product\/59353"}],"collection":[{"href":"https:\/\/luxtehnikashop.ee\/et\/wp-json\/wp\/v2\/product"}],"about":[{"href":"https:\/\/luxtehnikashop.ee\/et\/wp-json\/wp\/v2\/types\/product"}],"wp:featuredmedia":[{"embeddable":true,"href":"https:\/\/luxtehnikashop.ee\/et\/wp-json\/wp\/v2\/media\/59359"}],"wp:attachment":[{"href":"https:\/\/luxtehnikashop.ee\/et\/wp-json\/wp\/v2\/media?parent=59353"}],"wp:term":[{"taxonomy":"product_cat","embeddable":true,"href":"https:\/\/luxtehnikashop.ee\/et\/wp-json\/wp\/v2\/product_cat?post=59353"},{"taxonomy":"product_tag","embeddable":true,"href":"https:\/\/luxtehnikashop.ee\/et\/wp-json\/wp\/v2\/product_tag?post=59353"}],"curies":[{"name":"wp","href":"https:\/\/api.w.org\/{rel}","templated":true}]}}