{"id":59458,"date":"2026-04-22T02:00:41","date_gmt":"2026-04-22T02:00:41","guid":{"rendered":""},"modified":"2026-04-22T02:00:41","modified_gmt":"2026-04-22T02:00:41","slug":"franke-mrg-611-78xl-fragranit-pealt-paigaldatav-graniit-koogivalamu","status":"publish","type":"product","link":"https:\/\/luxtehnikashop.ee\/et\/p\/franke-mrg-611-78xl-fragranit-pealt-paigaldatav-graniit-koogivalamu\/","title":{"rendered":"FRANKE MRG 611-78XL Fragranit Pealt paigaldatav Graniit K\u00f6\u00f6givalamu"},"content":{"rendered":"","protected":false},"excerpt":{"rendered":"<p>K\u00f6\u00f6givalamu<br \/>Suvistatav<br \/>L\u00e4hedane looduslikule graniidile, kattega &#8220;PRO CLEAN&#8221; -antibakteriaal kaitsega<br \/>Aluskapp 60 cm<br \/>Lai varvivalik<br \/>Valamu m\u00f5\u00f5dud: 780 x 500mm<br \/>Reversiivne<\/p>\n","protected":false},"featured_media":59463,"template":"","meta":[],"product_cat":[62,170],"product_tag":[],"_links":{"self":[{"href":"https:\/\/luxtehnikashop.ee\/et\/wp-json\/wp\/v2\/product\/59458"}],"collection":[{"href":"https:\/\/luxtehnikashop.ee\/et\/wp-json\/wp\/v2\/product"}],"about":[{"href":"https:\/\/luxtehnikashop.ee\/et\/wp-json\/wp\/v2\/types\/product"}],"wp:featuredmedia":[{"embeddable":true,"href":"https:\/\/luxtehnikashop.ee\/et\/wp-json\/wp\/v2\/media\/59463"}],"wp:attachment":[{"href":"https:\/\/luxtehnikashop.ee\/et\/wp-json\/wp\/v2\/media?parent=59458"}],"wp:term":[{"taxonomy":"product_cat","embeddable":true,"href":"https:\/\/luxtehnikashop.ee\/et\/wp-json\/wp\/v2\/product_cat?post=59458"},{"taxonomy":"product_tag","embeddable":true,"href":"https:\/\/luxtehnikashop.ee\/et\/wp-json\/wp\/v2\/product_tag?post=59458"}],"curies":[{"name":"wp","href":"https:\/\/api.w.org\/{rel}","templated":true}]}}