{"id":59585,"date":"2026-04-20T02:00:47","date_gmt":"2026-04-20T02:00:47","guid":{"rendered":""},"modified":"2026-04-20T02:00:47","modified_gmt":"2026-04-20T02:00:47","slug":"blanco-candor-s-rst-kasidusiga-koogisegisti","status":"publish","type":"product","link":"https:\/\/luxtehnikashop.ee\/et\/p\/blanco-candor-s-rst-kasidusiga-koogisegisti\/","title":{"rendered":"BLANCO CANDOR-S RST K\u00e4sidu\u0161iga K\u00f6\u00f6gisegisti"},"content":{"rendered":"","protected":false},"excerpt":{"rendered":"<p>K\u00f6\u00f6gisegisti<br \/>Pinnat\u00f6\u00f6tlus: Roostevaba teras<br \/>V\u00e4lj\u00e4t\u00f5mmatava du\u0161ivoolikuga<br \/>Kergelt k\u00e4sitlev K\u00e4sidu\u0161\u0161<br \/>Kaasaegne disain<br \/>\u00dche p\u00f6\u00f6rleva k\u00e4epideme hoovaga segisti<\/p>\n","protected":false},"featured_media":59587,"template":"","meta":[],"product_cat":[275],"product_tag":[],"_links":{"self":[{"href":"https:\/\/luxtehnikashop.ee\/et\/wp-json\/wp\/v2\/product\/59585"}],"collection":[{"href":"https:\/\/luxtehnikashop.ee\/et\/wp-json\/wp\/v2\/product"}],"about":[{"href":"https:\/\/luxtehnikashop.ee\/et\/wp-json\/wp\/v2\/types\/product"}],"wp:featuredmedia":[{"embeddable":true,"href":"https:\/\/luxtehnikashop.ee\/et\/wp-json\/wp\/v2\/media\/59587"}],"wp:attachment":[{"href":"https:\/\/luxtehnikashop.ee\/et\/wp-json\/wp\/v2\/media?parent=59585"}],"wp:term":[{"taxonomy":"product_cat","embeddable":true,"href":"https:\/\/luxtehnikashop.ee\/et\/wp-json\/wp\/v2\/product_cat?post=59585"},{"taxonomy":"product_tag","embeddable":true,"href":"https:\/\/luxtehnikashop.ee\/et\/wp-json\/wp\/v2\/product_tag?post=59585"}],"curies":[{"name":"wp","href":"https:\/\/api.w.org\/{rel}","templated":true}]}}