{"id":59657,"date":"2026-04-21T02:00:03","date_gmt":"2026-04-21T02:00:03","guid":{"rendered":""},"modified":"2026-04-21T02:00:03","modified_gmt":"2026-04-21T02:00:03","slug":"nobili-ovetto-koogisegisti-akna-ette-paigaldamiseks","status":"publish","type":"product","link":"https:\/\/luxtehnikashop.ee\/et\/p\/nobili-ovetto-koogisegisti-akna-ette-paigaldamiseks\/","title":{"rendered":"NOBILI OVETTO K\u00f6\u00f6gisegisti Akna ette paigaldamiseks"},"content":{"rendered":"","protected":false},"excerpt":{"rendered":"<p>K\u00f6\u00f6gisegisti,<br \/>Akna\u00a0ette paigaldamiseks, segisti saab lihtsalt alla lasta, et ei segaks aknaavamist,<br \/>Kaasaegne disain,<br \/>Lihtsustab suurte n\u00f5ude ja vaaside t\u00e4itmist ja pesemist,<br \/>\u00dche p\u00f6\u00f6rleva k\u00e4epideme hoovaga segisti ,<br \/>Keraamiline seadeosa<\/p>\n<div>\u00a0<\/div>\n","protected":false},"featured_media":59659,"template":"","meta":[],"product_cat":[275],"product_tag":[],"_links":{"self":[{"href":"https:\/\/luxtehnikashop.ee\/et\/wp-json\/wp\/v2\/product\/59657"}],"collection":[{"href":"https:\/\/luxtehnikashop.ee\/et\/wp-json\/wp\/v2\/product"}],"about":[{"href":"https:\/\/luxtehnikashop.ee\/et\/wp-json\/wp\/v2\/types\/product"}],"wp:featuredmedia":[{"embeddable":true,"href":"https:\/\/luxtehnikashop.ee\/et\/wp-json\/wp\/v2\/media\/59659"}],"wp:attachment":[{"href":"https:\/\/luxtehnikashop.ee\/et\/wp-json\/wp\/v2\/media?parent=59657"}],"wp:term":[{"taxonomy":"product_cat","embeddable":true,"href":"https:\/\/luxtehnikashop.ee\/et\/wp-json\/wp\/v2\/product_cat?post=59657"},{"taxonomy":"product_tag","embeddable":true,"href":"https:\/\/luxtehnikashop.ee\/et\/wp-json\/wp\/v2\/product_tag?post=59657"}],"curies":[{"name":"wp","href":"https:\/\/api.w.org\/{rel}","templated":true}]}}