{"id":59684,"date":"2026-04-21T02:00:18","date_gmt":"2026-04-21T02:00:18","guid":{"rendered":""},"modified":"2026-04-21T02:00:18","modified_gmt":"2026-04-21T02:00:18","slug":"barazza-45x40-square-r-15-koogivalamu","status":"publish","type":"product","link":"https:\/\/luxtehnikashop.ee\/et\/p\/barazza-45x40-square-r-15-koogivalamu\/","title":{"rendered":"BARAZZA 45X40 SQUARE R.15 K\u00f6\u00f6givalamu"},"content":{"rendered":"","protected":false},"excerpt":{"rendered":"<p>K\u00f6\u00f6givalamu,<br \/>Kivipinnale altpoolt monteeritav \/ Tasapinnaline<br \/>Valamu m\u00f5\u00f5dud: 490x440mm,<br \/>Kauss: 450x400mm<br \/>Aluskapp: 60cm,<br \/>R-15mm,<br \/>Pleki paksus 1mm<\/p>\n","protected":false},"featured_media":59687,"template":"","meta":[],"product_cat":[62,133],"product_tag":[],"_links":{"self":[{"href":"https:\/\/luxtehnikashop.ee\/et\/wp-json\/wp\/v2\/product\/59684"}],"collection":[{"href":"https:\/\/luxtehnikashop.ee\/et\/wp-json\/wp\/v2\/product"}],"about":[{"href":"https:\/\/luxtehnikashop.ee\/et\/wp-json\/wp\/v2\/types\/product"}],"wp:featuredmedia":[{"embeddable":true,"href":"https:\/\/luxtehnikashop.ee\/et\/wp-json\/wp\/v2\/media\/59687"}],"wp:attachment":[{"href":"https:\/\/luxtehnikashop.ee\/et\/wp-json\/wp\/v2\/media?parent=59684"}],"wp:term":[{"taxonomy":"product_cat","embeddable":true,"href":"https:\/\/luxtehnikashop.ee\/et\/wp-json\/wp\/v2\/product_cat?post=59684"},{"taxonomy":"product_tag","embeddable":true,"href":"https:\/\/luxtehnikashop.ee\/et\/wp-json\/wp\/v2\/product_tag?post=59684"}],"curies":[{"name":"wp","href":"https:\/\/api.w.org\/{rel}","templated":true}]}}