{"id":59693,"date":"2026-04-22T02:00:16","date_gmt":"2026-04-22T02:00:16","guid":{"rendered":""},"modified":"2026-04-22T02:00:16","modified_gmt":"2026-04-22T02:00:16","slug":"barazza-50x40-square-bowl-r-15-rst-koogivalamu","status":"publish","type":"product","link":"https:\/\/luxtehnikashop.ee\/et\/p\/barazza-50x40-square-bowl-r-15-rst-koogivalamu\/","title":{"rendered":"BARAZZA 50X40 SQUARE BOWL R.15 RST K\u00f6\u00f6givalamu"},"content":{"rendered":"","protected":false},"excerpt":{"rendered":"<p>K\u00f6\u00f6givalamu,<br \/>Kivipinnale altpoolt monteeritav \/ Tasapinnaline<br \/>Valamu m\u00f5\u00f5dud: 540x440mm,<br \/>Kauss: 500x400mm<br \/>Aluskapp: 60cm,<br \/>R-15mm,<br \/>Pleki paksus 1mm<\/p>\n","protected":false},"featured_media":59696,"template":"","meta":[],"product_cat":[62,133],"product_tag":[],"_links":{"self":[{"href":"https:\/\/luxtehnikashop.ee\/et\/wp-json\/wp\/v2\/product\/59693"}],"collection":[{"href":"https:\/\/luxtehnikashop.ee\/et\/wp-json\/wp\/v2\/product"}],"about":[{"href":"https:\/\/luxtehnikashop.ee\/et\/wp-json\/wp\/v2\/types\/product"}],"wp:featuredmedia":[{"embeddable":true,"href":"https:\/\/luxtehnikashop.ee\/et\/wp-json\/wp\/v2\/media\/59696"}],"wp:attachment":[{"href":"https:\/\/luxtehnikashop.ee\/et\/wp-json\/wp\/v2\/media?parent=59693"}],"wp:term":[{"taxonomy":"product_cat","embeddable":true,"href":"https:\/\/luxtehnikashop.ee\/et\/wp-json\/wp\/v2\/product_cat?post=59693"},{"taxonomy":"product_tag","embeddable":true,"href":"https:\/\/luxtehnikashop.ee\/et\/wp-json\/wp\/v2\/product_tag?post=59693"}],"curies":[{"name":"wp","href":"https:\/\/api.w.org\/{rel}","templated":true}]}}