{"id":60087,"date":"2026-05-02T02:00:04","date_gmt":"2026-05-02T02:00:04","guid":{"rendered":""},"modified":"2026-05-02T02:00:04","modified_gmt":"2026-05-02T02:00:04","slug":"nobili-lv00117-live-koogisegisti-kasidusiga","status":"publish","type":"product","link":"https:\/\/luxtehnikashop.ee\/et\/p\/nobili-lv00117-live-koogisegisti-kasidusiga\/","title":{"rendered":"NOBILI LV00117 LIVE K\u00f6\u00f6gisegisti K\u00e4sidu\u0161iga"},"content":{"rendered":"","protected":false},"excerpt":{"rendered":"<p>K\u00f6\u00f6gisegisti,<br \/>K\u00e4sidu\u0161iga,<br \/>Kergelt k\u00e4sitlev,<br \/>K\u00e4sidu\u0161,<br \/>Kaasaegne disain<\/p>\n","protected":false},"featured_media":60092,"template":"","meta":[],"product_cat":[275],"product_tag":[],"_links":{"self":[{"href":"https:\/\/luxtehnikashop.ee\/et\/wp-json\/wp\/v2\/product\/60087"}],"collection":[{"href":"https:\/\/luxtehnikashop.ee\/et\/wp-json\/wp\/v2\/product"}],"about":[{"href":"https:\/\/luxtehnikashop.ee\/et\/wp-json\/wp\/v2\/types\/product"}],"wp:featuredmedia":[{"embeddable":true,"href":"https:\/\/luxtehnikashop.ee\/et\/wp-json\/wp\/v2\/media\/60092"}],"wp:attachment":[{"href":"https:\/\/luxtehnikashop.ee\/et\/wp-json\/wp\/v2\/media?parent=60087"}],"wp:term":[{"taxonomy":"product_cat","embeddable":true,"href":"https:\/\/luxtehnikashop.ee\/et\/wp-json\/wp\/v2\/product_cat?post=60087"},{"taxonomy":"product_tag","embeddable":true,"href":"https:\/\/luxtehnikashop.ee\/et\/wp-json\/wp\/v2\/product_tag?post=60087"}],"curies":[{"name":"wp","href":"https:\/\/api.w.org\/{rel}","templated":true}]}}