{"id":60313,"date":"2026-04-25T02:00:40","date_gmt":"2026-04-25T02:00:40","guid":{"rendered":""},"modified":"2026-04-25T02:00:40","modified_gmt":"2026-04-25T02:00:40","slug":"gaggenau-vi232121-200-sarja-vario-28cm-domino-induktsioon-pliidiplaat","status":"publish","type":"product","link":"https:\/\/luxtehnikashop.ee\/et\/p\/gaggenau-vi232121-200-sarja-vario-28cm-domino-induktsioon-pliidiplaat\/","title":{"rendered":"GAGGENAU VI232121 200 sarja Vario 28cm DOMINO Induktsioon pliidiplaat"},"content":{"rendered":"","protected":false},"excerpt":{"rendered":"<p>Vario Induktsioon pliidiplaat, Doino<br \/>200 Tootesari<br \/>Poordnuppudega juhtpaneel,<br \/>2-induktsioon kuumutuala : 190-210mm<br \/>Koguv\u00f5imsus: 3,7 kW<br \/>V\u00e4lism\u00f5\u00f5dud: ~ 50X288x512mm<br \/>Laius&gt; 280mm<\/p>\n","protected":false},"featured_media":60315,"template":"","meta":[],"product_cat":[77,78],"product_tag":[],"_links":{"self":[{"href":"https:\/\/luxtehnikashop.ee\/et\/wp-json\/wp\/v2\/product\/60313"}],"collection":[{"href":"https:\/\/luxtehnikashop.ee\/et\/wp-json\/wp\/v2\/product"}],"about":[{"href":"https:\/\/luxtehnikashop.ee\/et\/wp-json\/wp\/v2\/types\/product"}],"wp:featuredmedia":[{"embeddable":true,"href":"https:\/\/luxtehnikashop.ee\/et\/wp-json\/wp\/v2\/media\/60315"}],"wp:attachment":[{"href":"https:\/\/luxtehnikashop.ee\/et\/wp-json\/wp\/v2\/media?parent=60313"}],"wp:term":[{"taxonomy":"product_cat","embeddable":true,"href":"https:\/\/luxtehnikashop.ee\/et\/wp-json\/wp\/v2\/product_cat?post=60313"},{"taxonomy":"product_tag","embeddable":true,"href":"https:\/\/luxtehnikashop.ee\/et\/wp-json\/wp\/v2\/product_tag?post=60313"}],"curies":[{"name":"wp","href":"https:\/\/api.w.org\/{rel}","templated":true}]}}