{"id":60573,"date":"2026-04-21T02:00:47","date_gmt":"2026-04-21T02:00:47","guid":{"rendered":""},"modified":"2026-04-21T02:00:47","modified_gmt":"2026-04-21T02:00:47","slug":"blanco-catris-s-flexo-filter-kasidusiga-2in1-kombi-vee-filtreerimise-funktsiooniga-koogisegisti","status":"publish","type":"product","link":"https:\/\/luxtehnikashop.ee\/et\/p\/blanco-catris-s-flexo-filter-kasidusiga-2in1-kombi-vee-filtreerimise-funktsiooniga-koogisegisti\/","title":{"rendered":"BLANCO CATRIS-S Flexo Filter K\u00e4sidu\u0161iga 2in1 Kombi vee filtreerimise funktsiooniga K\u00f6\u00f6gisegisti"},"content":{"rendered":"","protected":false},"excerpt":{"rendered":"<p class=\"MsoNormal\" style=\"margin:0cm;font-size:12pt;font-family:Aptos, sans-serif;\"><span style=\"font-family:Verdana, sans-serif;background-size:initial;\">Kombi K\u00e4sidu\u0161iga K\u00f6\u00f6gisegisti<\/span><span style=\"font-family:Verdana, sans-serif;\"><br \/><\/span><span style=\"font-family:Arial, sans-serif;background-size:initial;\"><span>Pinnat\u00f6\u00f6tlus: <\/span><span lang=\"et\" style=\"background-size:initial;\" xml:lang=\"et\">K<\/span><span style=\"background-size:initial;\">room<\/span><\/span><span style=\"font-family:Verdana, sans-serif;background-size:initial;\">, RST- PVD Steel<\/span><span style=\"font-family:Verdana, sans-serif;\"><br \/><span style=\"background-size:initial;\">Kahe p\u00f6\u00f6rleva k\u00e4epideme hoovaga segisti filtreerimata ja filtreeritud veele,Integreeritud veev\u00e4ljund filtreeritud veele<\/span><br \/><span style=\"background-size:initial;\">S\u00fcsteem, millesse v\u00f5imalik integreerida veefilter<\/span><br \/><span style=\"background-size:initial;\">Armatuuride s\u00fcsteem varustab k\u00f6\u00f6gi k\u00fclma ja soojaveega<\/span><br \/><span style=\"background-size:initial;\">Kolmas, separaatne veejuhe, annab lisaks k\u00fclmale ja soojale veele ka filtreeritud<\/span><br \/><\/span><strong><span style=\"font-family:Verdana, sans-serif;background-size:initial;font-weight:normal;\">Segisti on valmistatud elegantsest roostevabast terasest vedrust, mis tagab v\u00e4ljalaske vabaduse ja t\u00f6\u00f6 lihtsuse.<\/span><\/strong><span style=\"font-family:Verdana, sans-serif;background-size:initial;\"><br \/><\/span><strong><span><span><span style=\"font-family:Arial, sans-serif;background-size:initial;font-weight:normal;\">Mugav vooliku lukustus peidetud magnethoidikuga\u00a0<\/span><\/span><\/span><\/strong><span style=\"font-family:Calibri, sans-serif;\"><\/span><\/p><\/p>\n","protected":false},"featured_media":60576,"template":"","meta":[],"product_cat":[275],"product_tag":[],"_links":{"self":[{"href":"https:\/\/luxtehnikashop.ee\/et\/wp-json\/wp\/v2\/product\/60573"}],"collection":[{"href":"https:\/\/luxtehnikashop.ee\/et\/wp-json\/wp\/v2\/product"}],"about":[{"href":"https:\/\/luxtehnikashop.ee\/et\/wp-json\/wp\/v2\/types\/product"}],"wp:featuredmedia":[{"embeddable":true,"href":"https:\/\/luxtehnikashop.ee\/et\/wp-json\/wp\/v2\/media\/60576"}],"wp:attachment":[{"href":"https:\/\/luxtehnikashop.ee\/et\/wp-json\/wp\/v2\/media?parent=60573"}],"wp:term":[{"taxonomy":"product_cat","embeddable":true,"href":"https:\/\/luxtehnikashop.ee\/et\/wp-json\/wp\/v2\/product_cat?post=60573"},{"taxonomy":"product_tag","embeddable":true,"href":"https:\/\/luxtehnikashop.ee\/et\/wp-json\/wp\/v2\/product_tag?post=60573"}],"curies":[{"name":"wp","href":"https:\/\/api.w.org\/{rel}","templated":true}]}}