{"id":60649,"date":"2026-04-23T02:00:11","date_gmt":"2026-04-23T02:00:11","guid":{"rendered":""},"modified":"2026-04-23T02:00:11","modified_gmt":"2026-04-23T02:00:11","slug":"elleci-easy-600-round-pealt-paigaldatav-graniit-koogivalamu","status":"publish","type":"product","link":"https:\/\/luxtehnikashop.ee\/et\/p\/elleci-easy-600-round-pealt-paigaldatav-graniit-koogivalamu\/","title":{"rendered":"ELLECI EASY 600 ROUND Pealt Paigaldatav Graniit K\u00f6\u00f6givalamu"},"content":{"rendered":"","protected":false},"excerpt":{"rendered":"<p>K\u00f6\u00f6givalamu<br \/>GRANITEK, <span style=\"font-size:13px;\">METALTEK<br \/><\/span><span style=\"font-size:13px;\">L\u00e4hedane looduslikule graniidile,kattega &#8220;PRO CLEAN&#8221; -antibakteriaal kaitsega, <br \/><\/span><span style=\"font-size:13px;\">Aluskapp 45cm<br \/><\/span><span style=\"font-size:13px;\">Nurgakapile &#8211; 90x90cm<br \/><\/span><span style=\"font-size:13px;\">Saadaval 10v\u00e4rvitoonis<br \/><\/span><span style=\"font-size:13px;\">Valamu m\u00f5\u00f5dud: 600 x 470mm<br \/><\/span><span style=\"font-size:13px;\">Kausi m\u00f5\u00f5dud: 1- O 390mm<\/span><\/p>\n","protected":false},"featured_media":60660,"template":"","meta":[],"product_cat":[62,170],"product_tag":[],"_links":{"self":[{"href":"https:\/\/luxtehnikashop.ee\/et\/wp-json\/wp\/v2\/product\/60649"}],"collection":[{"href":"https:\/\/luxtehnikashop.ee\/et\/wp-json\/wp\/v2\/product"}],"about":[{"href":"https:\/\/luxtehnikashop.ee\/et\/wp-json\/wp\/v2\/types\/product"}],"wp:featuredmedia":[{"embeddable":true,"href":"https:\/\/luxtehnikashop.ee\/et\/wp-json\/wp\/v2\/media\/60660"}],"wp:attachment":[{"href":"https:\/\/luxtehnikashop.ee\/et\/wp-json\/wp\/v2\/media?parent=60649"}],"wp:term":[{"taxonomy":"product_cat","embeddable":true,"href":"https:\/\/luxtehnikashop.ee\/et\/wp-json\/wp\/v2\/product_cat?post=60649"},{"taxonomy":"product_tag","embeddable":true,"href":"https:\/\/luxtehnikashop.ee\/et\/wp-json\/wp\/v2\/product_tag?post=60649"}],"curies":[{"name":"wp","href":"https:\/\/api.w.org\/{rel}","templated":true}]}}