{"id":60735,"date":"2026-04-22T02:00:16","date_gmt":"2026-04-22T02:00:16","guid":{"rendered":""},"modified":"2026-04-22T02:00:16","modified_gmt":"2026-04-22T02:00:16","slug":"franke-rog-610-41-fragranit-umargune-koogivalamu","status":"publish","type":"product","link":"https:\/\/luxtehnikashop.ee\/et\/p\/franke-rog-610-41-fragranit-umargune-koogivalamu\/","title":{"rendered":"FRANKE ROG 610-41 FRAGRANIT Umargune K\u00f6\u00f6givalamu"},"content":{"rendered":"","protected":false},"excerpt":{"rendered":"<p>K\u00f6\u00f6givalamu<br \/>FRAGRANIT &#8211; l\u00e4hedane looduslikule graniidile, kattega -antibakteriaalse kaitsega ( sisaldab h\u00f5beioone ) graniitkivist<br \/>Aluskapp: 45 cm, Nurgakapile &#8211; 90x90cm<br \/>Lai Varvivalik<br \/>Valamu m\u00f5\u00f5dud \u00a0(w x d x h): O-510mm<br \/>Kausi m\u00f5\u00f5dud\u00a0(w x d x h),O-400X195mm\u00a0<\/p>\n","protected":false},"featured_media":60744,"template":"","meta":[],"product_cat":[62,170],"product_tag":[],"_links":{"self":[{"href":"https:\/\/luxtehnikashop.ee\/et\/wp-json\/wp\/v2\/product\/60735"}],"collection":[{"href":"https:\/\/luxtehnikashop.ee\/et\/wp-json\/wp\/v2\/product"}],"about":[{"href":"https:\/\/luxtehnikashop.ee\/et\/wp-json\/wp\/v2\/types\/product"}],"wp:featuredmedia":[{"embeddable":true,"href":"https:\/\/luxtehnikashop.ee\/et\/wp-json\/wp\/v2\/media\/60744"}],"wp:attachment":[{"href":"https:\/\/luxtehnikashop.ee\/et\/wp-json\/wp\/v2\/media?parent=60735"}],"wp:term":[{"taxonomy":"product_cat","embeddable":true,"href":"https:\/\/luxtehnikashop.ee\/et\/wp-json\/wp\/v2\/product_cat?post=60735"},{"taxonomy":"product_tag","embeddable":true,"href":"https:\/\/luxtehnikashop.ee\/et\/wp-json\/wp\/v2\/product_tag?post=60735"}],"curies":[{"name":"wp","href":"https:\/\/api.w.org\/{rel}","templated":true}]}}