{"id":60860,"date":"2026-04-21T02:00:03","date_gmt":"2026-04-21T02:00:03","guid":{"rendered":""},"modified":"2026-04-21T02:00:03","modified_gmt":"2026-04-21T02:00:03","slug":"nobili-lv00300-3-koogisegisti-kasidussiga","status":"publish","type":"product","link":"https:\/\/luxtehnikashop.ee\/et\/p\/nobili-lv00300-3-koogisegisti-kasidussiga\/","title":{"rendered":"NOBILI LV00300\/3 K\u00f6\u00f6gisegisti k\u00e4sidussiga"},"content":{"rendered":"","protected":false},"excerpt":{"rendered":"<p>K\u00f6\u00f6gisegisti<br \/>K\u00e4sidussiga<br \/>Kergelt k\u00e4sitlev K\u00e4iduss koos vedruga, voolikuhoidjaga,<br \/>K\u00e4sidussiga ja \u00fcmberl\u00fclitiga dussile,<br \/>K\u00e4idussile oma hoidik,<br \/>Kaasaegne disain<\/p>\n","protected":false},"featured_media":60863,"template":"","meta":[],"product_cat":[275],"product_tag":[],"_links":{"self":[{"href":"https:\/\/luxtehnikashop.ee\/et\/wp-json\/wp\/v2\/product\/60860"}],"collection":[{"href":"https:\/\/luxtehnikashop.ee\/et\/wp-json\/wp\/v2\/product"}],"about":[{"href":"https:\/\/luxtehnikashop.ee\/et\/wp-json\/wp\/v2\/types\/product"}],"wp:featuredmedia":[{"embeddable":true,"href":"https:\/\/luxtehnikashop.ee\/et\/wp-json\/wp\/v2\/media\/60863"}],"wp:attachment":[{"href":"https:\/\/luxtehnikashop.ee\/et\/wp-json\/wp\/v2\/media?parent=60860"}],"wp:term":[{"taxonomy":"product_cat","embeddable":true,"href":"https:\/\/luxtehnikashop.ee\/et\/wp-json\/wp\/v2\/product_cat?post=60860"},{"taxonomy":"product_tag","embeddable":true,"href":"https:\/\/luxtehnikashop.ee\/et\/wp-json\/wp\/v2\/product_tag?post=60860"}],"curies":[{"name":"wp","href":"https:\/\/api.w.org\/{rel}","templated":true}]}}