{"id":60881,"date":"2026-05-01T02:00:03","date_gmt":"2026-05-01T02:00:03","guid":{"rendered":""},"modified":"2026-05-01T02:00:03","modified_gmt":"2026-05-01T02:00:03","slug":"elleci-quadra-100-u-34x40cm-alt-paigaldatav-komposiit-koogivalamu","status":"publish","type":"product","link":"https:\/\/luxtehnikashop.ee\/et\/p\/elleci-quadra-100-u-34x40cm-alt-paigaldatav-komposiit-koogivalamu\/","title":{"rendered":"ELLECI QUADRA 100-U 34x40cm Alt paigaldatav Komposiit K\u00f6\u00f6givalamu"},"content":{"rendered":"","protected":false},"excerpt":{"rendered":"<p>K\u00f6\u00f6givalamu<br \/>T\u00f6\u00f6tasapinna alla paigaldatav, kivit\u00f6\u00f6pinnale<br \/>GRANITEK, METALTEK, KERATEK<br \/>L\u00e4hedane looduslikule graniidile, kattega PRO CLEAN -antibakteriaal kaitsega<br \/>Aluskapp: 45 cm, Nurgakapile &#8211; 90x90cm<br \/>Saadaval 14 v\u00e4rvitoonis<br \/>Valamu m\u00f5\u00f5dud:\u00a0<span style=\"font-family:arial, helvetica, sans-serif;font-size:13.3333px;\">380 x 440mm<\/span><br \/>Kausi m\u00f5\u00f5dud: 340 x 400 x 200mm, r-10mm<\/p>\n","protected":false},"featured_media":60892,"template":"","meta":[],"product_cat":[62,170],"product_tag":[],"_links":{"self":[{"href":"https:\/\/luxtehnikashop.ee\/et\/wp-json\/wp\/v2\/product\/60881"}],"collection":[{"href":"https:\/\/luxtehnikashop.ee\/et\/wp-json\/wp\/v2\/product"}],"about":[{"href":"https:\/\/luxtehnikashop.ee\/et\/wp-json\/wp\/v2\/types\/product"}],"wp:featuredmedia":[{"embeddable":true,"href":"https:\/\/luxtehnikashop.ee\/et\/wp-json\/wp\/v2\/media\/60892"}],"wp:attachment":[{"href":"https:\/\/luxtehnikashop.ee\/et\/wp-json\/wp\/v2\/media?parent=60881"}],"wp:term":[{"taxonomy":"product_cat","embeddable":true,"href":"https:\/\/luxtehnikashop.ee\/et\/wp-json\/wp\/v2\/product_cat?post=60881"},{"taxonomy":"product_tag","embeddable":true,"href":"https:\/\/luxtehnikashop.ee\/et\/wp-json\/wp\/v2\/product_tag?post=60881"}],"curies":[{"name":"wp","href":"https:\/\/api.w.org\/{rel}","templated":true}]}}