{"id":61220,"date":"2026-04-21T02:00:10","date_gmt":"2026-04-21T02:00:10","guid":{"rendered":""},"modified":"2026-04-21T02:00:10","modified_gmt":"2026-04-21T02:00:10","slug":"elleci-quadra-105-50x40cm-pealt-paigaldatav-graniit-koogivalamu","status":"publish","type":"product","link":"https:\/\/luxtehnikashop.ee\/et\/p\/elleci-quadra-105-50x40cm-pealt-paigaldatav-graniit-koogivalamu\/","title":{"rendered":"ELLECI QUADRA 105 50x40cm Pealt Paigaldatav Graniit K\u00f6\u00f6givalamu"},"content":{"rendered":"","protected":false},"excerpt":{"rendered":"<p>Pealt Paigaldatav K\u00f6\u00f6givalamu<br \/>Suvistatav<br \/><span>L\u00e4hedane looduslikule graniidile, kattega\u00a0<\/span>&#8220;PRO CLEAN&#8221; -antibakteriaal kaitsega<br \/>GRANITEK, METALTEK, KERATEK<br \/>Aluskapp 60 cm, Nurgakapile &#8211; 90x90cm<br \/>Saadaval 8 v\u00e4rvitoonis<br \/>Valamu m\u00f5\u00f5dud: &#8211; QUADRA Standard &#8211; 570 x 500mm, r-5mm<br \/>Kausi m\u00f5\u00f5dud: 500 x 400 x 200mm\u00a0<\/p>\n","protected":false},"featured_media":61232,"template":"","meta":[],"product_cat":[62,170],"product_tag":[],"_links":{"self":[{"href":"https:\/\/luxtehnikashop.ee\/et\/wp-json\/wp\/v2\/product\/61220"}],"collection":[{"href":"https:\/\/luxtehnikashop.ee\/et\/wp-json\/wp\/v2\/product"}],"about":[{"href":"https:\/\/luxtehnikashop.ee\/et\/wp-json\/wp\/v2\/types\/product"}],"wp:featuredmedia":[{"embeddable":true,"href":"https:\/\/luxtehnikashop.ee\/et\/wp-json\/wp\/v2\/media\/61232"}],"wp:attachment":[{"href":"https:\/\/luxtehnikashop.ee\/et\/wp-json\/wp\/v2\/media?parent=61220"}],"wp:term":[{"taxonomy":"product_cat","embeddable":true,"href":"https:\/\/luxtehnikashop.ee\/et\/wp-json\/wp\/v2\/product_cat?post=61220"},{"taxonomy":"product_tag","embeddable":true,"href":"https:\/\/luxtehnikashop.ee\/et\/wp-json\/wp\/v2\/product_tag?post=61220"}],"curies":[{"name":"wp","href":"https:\/\/api.w.org\/{rel}","templated":true}]}}