{"id":61640,"date":"2026-04-22T02:00:15","date_gmt":"2026-04-22T02:00:15","guid":{"rendered":""},"modified":"2026-04-22T02:00:15","modified_gmt":"2026-04-22T02:00:15","slug":"wesco-ergomaster-sorter","status":"publish","type":"product","link":"https:\/\/luxtehnikashop.ee\/et\/p\/wesco-ergomaster-sorter\/","title":{"rendered":"WESCO-ERGOMASTER Sorter"},"content":{"rendered":"","protected":false},"excerpt":{"rendered":"<p>J\u00e4\u00e4tmek\u00e4itlus s\u00fcsteem<\/p>\n<p>WESCO-ERGOMASTER\u00a0konteiner j\u00e4\u00e4tmetele<br \/>Integreeritud t\u00e4islahendus t\u00f6\u00f6tasapinda<br \/>WESCO-ERGOMASTER\u00a0pakub k\u00f5ige otsese meetodi orgaanilisi j\u00e4\u00e4tmete kogumiseks.<\/p>\n","protected":false},"featured_media":61642,"template":"","meta":[],"product_cat":[432,499],"product_tag":[],"_links":{"self":[{"href":"https:\/\/luxtehnikashop.ee\/et\/wp-json\/wp\/v2\/product\/61640"}],"collection":[{"href":"https:\/\/luxtehnikashop.ee\/et\/wp-json\/wp\/v2\/product"}],"about":[{"href":"https:\/\/luxtehnikashop.ee\/et\/wp-json\/wp\/v2\/types\/product"}],"wp:featuredmedia":[{"embeddable":true,"href":"https:\/\/luxtehnikashop.ee\/et\/wp-json\/wp\/v2\/media\/61642"}],"wp:attachment":[{"href":"https:\/\/luxtehnikashop.ee\/et\/wp-json\/wp\/v2\/media?parent=61640"}],"wp:term":[{"taxonomy":"product_cat","embeddable":true,"href":"https:\/\/luxtehnikashop.ee\/et\/wp-json\/wp\/v2\/product_cat?post=61640"},{"taxonomy":"product_tag","embeddable":true,"href":"https:\/\/luxtehnikashop.ee\/et\/wp-json\/wp\/v2\/product_tag?post=61640"}],"curies":[{"name":"wp","href":"https:\/\/api.w.org\/{rel}","templated":true}]}}