{"id":61796,"date":"2026-04-20T02:00:51","date_gmt":"2026-04-20T02:00:51","guid":{"rendered":""},"modified":"2026-04-20T02:00:51","modified_gmt":"2026-04-20T02:00:51","slug":"elleci-stream-koogisegisti","status":"publish","type":"product","link":"https:\/\/luxtehnikashop.ee\/et\/p\/elleci-stream-koogisegisti\/","title":{"rendered":"ELLECI STREAM K\u00f6\u00f6gisegisti"},"content":{"rendered":"","protected":false},"excerpt":{"rendered":"<p>V\u00c4RVILINE K\u00f6\u00f6gisegisti<br \/><span><\/span>Pinnat\u00f6\u00f6tlus: Black, White, Dark Grey, Titanium, Alumiinium, Tartora, Cemento, Bianco, Avene, Espresso<br \/><span>Kaasaegne disain<\/span><br \/><span>\u00dche p\u00f6\u00f6rleva k\u00e4epideme hoovaga segisti<\/span><\/p>\n","protected":false},"featured_media":61805,"template":"","meta":[],"product_cat":[275],"product_tag":[],"_links":{"self":[{"href":"https:\/\/luxtehnikashop.ee\/et\/wp-json\/wp\/v2\/product\/61796"}],"collection":[{"href":"https:\/\/luxtehnikashop.ee\/et\/wp-json\/wp\/v2\/product"}],"about":[{"href":"https:\/\/luxtehnikashop.ee\/et\/wp-json\/wp\/v2\/types\/product"}],"wp:featuredmedia":[{"embeddable":true,"href":"https:\/\/luxtehnikashop.ee\/et\/wp-json\/wp\/v2\/media\/61805"}],"wp:attachment":[{"href":"https:\/\/luxtehnikashop.ee\/et\/wp-json\/wp\/v2\/media?parent=61796"}],"wp:term":[{"taxonomy":"product_cat","embeddable":true,"href":"https:\/\/luxtehnikashop.ee\/et\/wp-json\/wp\/v2\/product_cat?post=61796"},{"taxonomy":"product_tag","embeddable":true,"href":"https:\/\/luxtehnikashop.ee\/et\/wp-json\/wp\/v2\/product_tag?post=61796"}],"curies":[{"name":"wp","href":"https:\/\/api.w.org\/{rel}","templated":true}]}}