{"id":62033,"date":"2026-04-23T02:00:22","date_gmt":"2026-04-23T02:00:22","guid":{"rendered":""},"modified":"2026-04-23T02:00:22","modified_gmt":"2026-04-23T02:00:22","slug":"nivito-rhythm-rh-110-roostevaba-teras-poleeritud-croom-koogisegisti","status":"publish","type":"product","link":"https:\/\/luxtehnikashop.ee\/et\/p\/nivito-rhythm-rh-110-roostevaba-teras-poleeritud-croom-koogisegisti\/","title":{"rendered":"NIVITO Rhythm RH-110 Roostevaba Teras Poleeritud- Croom K\u00f6\u00f6giSegisti"},"content":{"rendered":"","protected":false},"excerpt":{"rendered":"<p><span style=\"font-family:arial, helvetica, sans-serif;font-size:10pt;\">K\u00f6\u00f6giSegisti,<\/span><br \/><span style=\"font-family:arial, helvetica, sans-serif;font-size:10pt;\">Tootesari: Rhythm,<\/span><br \/><span style=\"font-family:arial, helvetica, sans-serif;font-size:10pt;\">Fantastiline vorm ja kasutusmugavus ,<br \/><\/span>ERILISED V\u00c4RVID<br \/>\u00dche p\u00f6\u00f6rleva k\u00e4epideme hoovaga segisti,<br \/>ECO &#8211; vett s\u00e4\u00e4stev ,<br \/>Keraamiline seadeosa<\/p>\n","protected":false},"featured_media":62034,"template":"","meta":[],"product_cat":[275],"product_tag":[],"_links":{"self":[{"href":"https:\/\/luxtehnikashop.ee\/et\/wp-json\/wp\/v2\/product\/62033"}],"collection":[{"href":"https:\/\/luxtehnikashop.ee\/et\/wp-json\/wp\/v2\/product"}],"about":[{"href":"https:\/\/luxtehnikashop.ee\/et\/wp-json\/wp\/v2\/types\/product"}],"wp:featuredmedia":[{"embeddable":true,"href":"https:\/\/luxtehnikashop.ee\/et\/wp-json\/wp\/v2\/media\/62034"}],"wp:attachment":[{"href":"https:\/\/luxtehnikashop.ee\/et\/wp-json\/wp\/v2\/media?parent=62033"}],"wp:term":[{"taxonomy":"product_cat","embeddable":true,"href":"https:\/\/luxtehnikashop.ee\/et\/wp-json\/wp\/v2\/product_cat?post=62033"},{"taxonomy":"product_tag","embeddable":true,"href":"https:\/\/luxtehnikashop.ee\/et\/wp-json\/wp\/v2\/product_tag?post=62033"}],"curies":[{"name":"wp","href":"https:\/\/api.w.org\/{rel}","templated":true}]}}