{"id":62738,"date":"2026-04-20T02:00:38","date_gmt":"2026-04-20T02:00:38","guid":{"rendered":""},"modified":"2026-04-20T02:00:38","modified_gmt":"2026-04-20T02:00:38","slug":"barazza-90cm-kasai-zero-induktsioonipliidiplaat-integreeritud-ohupuhastiga","status":"publish","type":"product","link":"https:\/\/luxtehnikashop.ee\/et\/p\/barazza-90cm-kasai-zero-induktsioonipliidiplaat-integreeritud-ohupuhastiga\/","title":{"rendered":"BARAZZA 90cm KASAI ZERO Induktsioonipliidiplaat integreeritud \u00f5hupuhastiga"},"content":{"rendered":"","protected":false},"excerpt":{"rendered":"<p><abbr title=\"T\u00e4nap\u00e4ev on induktsiooni p\u00e4ralt! Induktsioon pliidiplaat: - k\u00f5ige kiirem (v\u00f5rreldav gaasipliidiga) nii v\u00f5imsuse t\u00f5stmisel kui ka v\u00e4hendamisel: kui on n\u00e4ha, et piim hakkab keema t\u00f5usma, v\u00e4hendades v\u00f5imsust piima tase potis langeb koheselt; - ei kuumene: midagi ei k\u00f5rbe kinni, kerge puhastada; - ohutu - ei p\u00f5leta ennast ega midagi muud \u00e4ra; - energiat s\u00e4\u00e4stev, sest toimib ainult keedupoti all. Eeldab ferromagneetilise p\u00f5hjaga keedun\u00f5usid.\">Induktsioonipliidiplaat<\/abbr><span>\u00a0integreeritud \u00f5hupuhastiga<\/span><br \/>Pliidiplaat ja \u00f5hupuhasti \u00fches seadmes!<br \/>K\u00f5ige efektiivsem k\u00fcpsetustsooni ventilatsioon, rasv ja aur eemaldatakse otse nende p\u00e4ritolukohast ja ei levita ruumi.<br \/>Keeduplaadi kohale pole vaja\u00a0eraldi paigaldada \u00f5hupuhasti,\u00a0k\u00f6\u00f6gi kujundamisel on teil rohkem vabadust.V\u00f5ite isegi oma pliit akna alla paigaldada.<\/p>\n","protected":false},"featured_media":62740,"template":"","meta":[],"product_cat":[77,320],"product_tag":[],"_links":{"self":[{"href":"https:\/\/luxtehnikashop.ee\/et\/wp-json\/wp\/v2\/product\/62738"}],"collection":[{"href":"https:\/\/luxtehnikashop.ee\/et\/wp-json\/wp\/v2\/product"}],"about":[{"href":"https:\/\/luxtehnikashop.ee\/et\/wp-json\/wp\/v2\/types\/product"}],"wp:featuredmedia":[{"embeddable":true,"href":"https:\/\/luxtehnikashop.ee\/et\/wp-json\/wp\/v2\/media\/62740"}],"wp:attachment":[{"href":"https:\/\/luxtehnikashop.ee\/et\/wp-json\/wp\/v2\/media?parent=62738"}],"wp:term":[{"taxonomy":"product_cat","embeddable":true,"href":"https:\/\/luxtehnikashop.ee\/et\/wp-json\/wp\/v2\/product_cat?post=62738"},{"taxonomy":"product_tag","embeddable":true,"href":"https:\/\/luxtehnikashop.ee\/et\/wp-json\/wp\/v2\/product_tag?post=62738"}],"curies":[{"name":"wp","href":"https:\/\/api.w.org\/{rel}","templated":true}]}}