{"id":63422,"date":"2026-04-25T02:00:36","date_gmt":"2026-04-25T02:00:36","guid":{"rendered":""},"modified":"2026-04-25T02:00:36","modified_gmt":"2026-04-25T02:00:36","slug":"franke-mythos-koogisegisti-kasidusiga","status":"publish","type":"product","link":"https:\/\/luxtehnikashop.ee\/et\/p\/franke-mythos-koogisegisti-kasidusiga\/","title":{"rendered":"FRANKE MYTHOS K\u00f6\u00f6gisegisti K\u00e4sidu\u0161iga"},"content":{"rendered":"","protected":false},"excerpt":{"rendered":"<p>K\u00f6\u00f6gisegisti<br \/>Pinnat\u00f6\u00f6tlus: inox, industrial black<br \/>V\u00e4lj\u00e4t\u00f5mmatava du\u0161ivoolikuga<br \/>Kergelt k\u00e4sitlev K\u00e4sidu\u0161\u0161<br \/>Kaasaegne disain<br \/>Kang liigub ettepoole<br \/>\u00dche p\u00f6\u00f6rleva k\u00e4epideme hoovaga segisti<\/p>\n","protected":false},"featured_media":63425,"template":"","meta":[],"product_cat":[275],"product_tag":[],"_links":{"self":[{"href":"https:\/\/luxtehnikashop.ee\/et\/wp-json\/wp\/v2\/product\/63422"}],"collection":[{"href":"https:\/\/luxtehnikashop.ee\/et\/wp-json\/wp\/v2\/product"}],"about":[{"href":"https:\/\/luxtehnikashop.ee\/et\/wp-json\/wp\/v2\/types\/product"}],"wp:featuredmedia":[{"embeddable":true,"href":"https:\/\/luxtehnikashop.ee\/et\/wp-json\/wp\/v2\/media\/63425"}],"wp:attachment":[{"href":"https:\/\/luxtehnikashop.ee\/et\/wp-json\/wp\/v2\/media?parent=63422"}],"wp:term":[{"taxonomy":"product_cat","embeddable":true,"href":"https:\/\/luxtehnikashop.ee\/et\/wp-json\/wp\/v2\/product_cat?post=63422"},{"taxonomy":"product_tag","embeddable":true,"href":"https:\/\/luxtehnikashop.ee\/et\/wp-json\/wp\/v2\/product_tag?post=63422"}],"curies":[{"name":"wp","href":"https:\/\/api.w.org\/{rel}","templated":true}]}}