{"id":63429,"date":"2026-04-27T02:00:37","date_gmt":"2026-04-27T02:00:37","guid":{"rendered":""},"modified":"2026-04-27T02:00:37","modified_gmt":"2026-04-27T02:00:37","slug":"franke-urban-fragranit-koogisegisti-kasidusiga","status":"publish","type":"product","link":"https:\/\/luxtehnikashop.ee\/et\/p\/franke-urban-fragranit-koogisegisti-kasidusiga\/","title":{"rendered":"FRANKE URBAN Fragranit K\u00f6\u00f6gisegisti K\u00e4sidu\u0161iga"},"content":{"rendered":"","protected":false},"excerpt":{"rendered":"<p>K\u00f6\u00f6gisegisti<br \/>Pinnat\u00f6\u00f6tlus: Polar white, Cashmere, Stone grey, Onyx<br \/>V\u00e4lj\u00e4t\u00f5mmatava du\u0161ivoolikuga<br \/>Kergelt k\u00e4sitlev K\u00e4sidu\u0161\u0161<br \/>Kaasaegne disain<br \/>Kang liigub ettepoole<br \/>\u00dche p\u00f6\u00f6rleva k\u00e4epideme hoovaga segisti<\/p>\n","protected":false},"featured_media":63434,"template":"","meta":[],"product_cat":[275],"product_tag":[],"_links":{"self":[{"href":"https:\/\/luxtehnikashop.ee\/et\/wp-json\/wp\/v2\/product\/63429"}],"collection":[{"href":"https:\/\/luxtehnikashop.ee\/et\/wp-json\/wp\/v2\/product"}],"about":[{"href":"https:\/\/luxtehnikashop.ee\/et\/wp-json\/wp\/v2\/types\/product"}],"wp:featuredmedia":[{"embeddable":true,"href":"https:\/\/luxtehnikashop.ee\/et\/wp-json\/wp\/v2\/media\/63434"}],"wp:attachment":[{"href":"https:\/\/luxtehnikashop.ee\/et\/wp-json\/wp\/v2\/media?parent=63429"}],"wp:term":[{"taxonomy":"product_cat","embeddable":true,"href":"https:\/\/luxtehnikashop.ee\/et\/wp-json\/wp\/v2\/product_cat?post=63429"},{"taxonomy":"product_tag","embeddable":true,"href":"https:\/\/luxtehnikashop.ee\/et\/wp-json\/wp\/v2\/product_tag?post=63429"}],"curies":[{"name":"wp","href":"https:\/\/api.w.org\/{rel}","templated":true}]}}