{"id":63554,"date":"2026-04-20T02:00:43","date_gmt":"2026-04-20T02:00:43","guid":{"rendered":""},"modified":"2026-04-20T02:00:43","modified_gmt":"2026-04-20T02:00:43","slug":"elleci-unico-300-pealt-paigaldatav-graniit-koogivalamu","status":"publish","type":"product","link":"https:\/\/luxtehnikashop.ee\/et\/p\/elleci-unico-300-pealt-paigaldatav-graniit-koogivalamu\/","title":{"rendered":"ELLECI UNICO 300 Pealt Paigaldatav Graniit K\u00f6\u00f6givalamu"},"content":{"rendered":"","protected":false},"excerpt":{"rendered":"<p><span>K\u00f6\u00f6givalamu<br \/>Suvistatav\u00a0<br \/>L\u00e4hedane looduslikule graniidile, kattega &#8220;PRO CLEAN&#8221; -antibakteriaal kaitsega<br \/>Aluskapp 50 cm<br \/>Saadaval 11 v\u00e4rvitoonis<br \/>Valamu m\u00f5\u00f5dud: 790 x 500mm<br \/><\/span><span>Reversiivne<\/span><strong><span><br \/><\/span><\/strong><\/p>\n","protected":false},"featured_media":63566,"template":"","meta":[],"product_cat":[62,170],"product_tag":[],"_links":{"self":[{"href":"https:\/\/luxtehnikashop.ee\/et\/wp-json\/wp\/v2\/product\/63554"}],"collection":[{"href":"https:\/\/luxtehnikashop.ee\/et\/wp-json\/wp\/v2\/product"}],"about":[{"href":"https:\/\/luxtehnikashop.ee\/et\/wp-json\/wp\/v2\/types\/product"}],"wp:featuredmedia":[{"embeddable":true,"href":"https:\/\/luxtehnikashop.ee\/et\/wp-json\/wp\/v2\/media\/63566"}],"wp:attachment":[{"href":"https:\/\/luxtehnikashop.ee\/et\/wp-json\/wp\/v2\/media?parent=63554"}],"wp:term":[{"taxonomy":"product_cat","embeddable":true,"href":"https:\/\/luxtehnikashop.ee\/et\/wp-json\/wp\/v2\/product_cat?post=63554"},{"taxonomy":"product_tag","embeddable":true,"href":"https:\/\/luxtehnikashop.ee\/et\/wp-json\/wp\/v2\/product_tag?post=63554"}],"curies":[{"name":"wp","href":"https:\/\/api.w.org\/{rel}","templated":true}]}}