{"id":63586,"date":"2026-05-03T02:00:46","date_gmt":"2026-05-03T02:00:46","guid":{"rendered":""},"modified":"2026-05-03T02:00:46","modified_gmt":"2026-05-03T02:00:46","slug":"miele-dfks-a-1-ventilatsiooni-lamekanali-komplekt-valjatombele","status":"publish","type":"product","link":"https:\/\/luxtehnikashop.ee\/et\/p\/miele-dfks-a-1-ventilatsiooni-lamekanali-komplekt-valjatombele\/","title":{"rendered":"MIELE DFKS-A-1 Ventilatsiooni Lamekanali komplekt v\u00e4ljat\u00f5mbele"},"content":{"rendered":"","protected":false},"excerpt":{"rendered":"<p>Lameda kanali komplekt v\u00e4ljat\u00f5mbe\u00f5hu re\u017eiimi jaoks (sh seinav\u00f5re)<br \/>Efektiivseks t\u00f6\u00f6ks v\u00e4ljat\u00f5mbe\u00f5hu re\u017eiimis<br \/>Seinale paigaldatav tuulutusava on m\u00f5eldud \u00fchendamiseks Miele \u00f5hupuhastiga. Sisseehitatud tagasil\u00f6\u00f6giklapp hoiab \u00e4ra soovimatu \u00f5huvahetuse sise- ja v\u00e4lis\u00f5hu vahel, kui \u00f5hupuhasti on v\u00e4lja l\u00fclitatud.\u00a0<\/p><\/p>\n","protected":false},"featured_media":63587,"template":"","meta":[],"product_cat":[327,853,854],"product_tag":[],"_links":{"self":[{"href":"https:\/\/luxtehnikashop.ee\/et\/wp-json\/wp\/v2\/product\/63586"}],"collection":[{"href":"https:\/\/luxtehnikashop.ee\/et\/wp-json\/wp\/v2\/product"}],"about":[{"href":"https:\/\/luxtehnikashop.ee\/et\/wp-json\/wp\/v2\/types\/product"}],"wp:featuredmedia":[{"embeddable":true,"href":"https:\/\/luxtehnikashop.ee\/et\/wp-json\/wp\/v2\/media\/63587"}],"wp:attachment":[{"href":"https:\/\/luxtehnikashop.ee\/et\/wp-json\/wp\/v2\/media?parent=63586"}],"wp:term":[{"taxonomy":"product_cat","embeddable":true,"href":"https:\/\/luxtehnikashop.ee\/et\/wp-json\/wp\/v2\/product_cat?post=63586"},{"taxonomy":"product_tag","embeddable":true,"href":"https:\/\/luxtehnikashop.ee\/et\/wp-json\/wp\/v2\/product_tag?post=63586"}],"curies":[{"name":"wp","href":"https:\/\/api.w.org\/{rel}","templated":true}]}}