{"id":63828,"date":"2026-04-24T02:00:47","date_gmt":"2026-04-24T02:00:47","guid":{"rendered":""},"modified":"2026-04-24T02:00:47","modified_gmt":"2026-04-24T02:00:47","slug":"asko-w6124x-w-3-steel-seal-valge-eestlaetav-pesumasin","status":"publish","type":"product","link":"https:\/\/luxtehnikashop.ee\/et\/p\/asko-w6124x-w-3-steel-seal-valge-eestlaetav-pesumasin\/","title":{"rendered":"ASKO W6124X.W\/3 Steel Seal\u2122 Valge Eestlaetav Pesumasin"},"content":{"rendered":"","protected":false},"excerpt":{"rendered":"<p>Eraldi seisev eestlaetav pesumasin<br \/>Ideaalse disainiga pesuril on programm igaks eluolukorraks ja kolme re\u017eiimiga Tavaline<br \/>Roheline re\u017eiim ja intensiivre\u017eiim, saate programme kiiresti reguleerida, et muuta need kas keskkonnas\u00f5bralikumaks v\u00f5i pesta intensiivsemalt.<br \/>Mahukas XL pesumasin v\u00e4rskendava auru ja allergiavastaste programmidega, ideaalne tundlikule nahale.<br \/>Erakordselt suure trumli ja suure mahutavusega pesumasin. Selles saate pesta kuni 12 kg pesu.<br \/>Auto Dose \u2013 automaatne pesuaine doseerimine<br \/>Tsentrifuugi kiirus\/ max\/: 1400 p\/min<br \/>Vaikne ja energias\u00e4\u00e4stlik harjadeta mootor.<br \/>Programmid auru v\u00e4rskendamiseks ja allergiatega v\u00f5itlemiseks<br \/>Quattro, minimeerib vibratsiooni.<br \/>Automaatsed, ajutised ja kiired programmid<br \/>Energiaklass: A<br \/>M\u00fcratase \/ p\u00f6\u00f6rlemine \/ : 72 dB<br \/>M\u00f5\u00f5tmed KxLxS: 850x595x700<\/p>\n","protected":false},"featured_media":63829,"template":"","meta":[],"product_cat":[2830],"product_tag":[],"_links":{"self":[{"href":"https:\/\/luxtehnikashop.ee\/et\/wp-json\/wp\/v2\/product\/63828"}],"collection":[{"href":"https:\/\/luxtehnikashop.ee\/et\/wp-json\/wp\/v2\/product"}],"about":[{"href":"https:\/\/luxtehnikashop.ee\/et\/wp-json\/wp\/v2\/types\/product"}],"wp:featuredmedia":[{"embeddable":true,"href":"https:\/\/luxtehnikashop.ee\/et\/wp-json\/wp\/v2\/media\/63829"}],"wp:attachment":[{"href":"https:\/\/luxtehnikashop.ee\/et\/wp-json\/wp\/v2\/media?parent=63828"}],"wp:term":[{"taxonomy":"product_cat","embeddable":true,"href":"https:\/\/luxtehnikashop.ee\/et\/wp-json\/wp\/v2\/product_cat?post=63828"},{"taxonomy":"product_tag","embeddable":true,"href":"https:\/\/luxtehnikashop.ee\/et\/wp-json\/wp\/v2\/product_tag?post=63828"}],"curies":[{"name":"wp","href":"https:\/\/api.w.org\/{rel}","templated":true}]}}