{"id":63895,"date":"2026-04-30T02:00:37","date_gmt":"2026-04-30T02:00:37","guid":{"rendered":""},"modified":"2026-04-30T02:00:37","modified_gmt":"2026-04-30T02:00:37","slug":"asko-w4096p-w-3-steel-seal-valge-eestlaetav-pesumasin","status":"publish","type":"product","link":"https:\/\/luxtehnikashop.ee\/et\/p\/asko-w4096p-w-3-steel-seal-valge-eestlaetav-pesumasin\/","title":{"rendered":"ASKO W4096P.W\/3 Steel Seal\u2122 Valge Eestlaetav Pesumasin"},"content":{"rendered":"","protected":false},"excerpt":{"rendered":"<p>Sellel valgel roostevabast terasest detailidega Logic seeria pesumasinal on ainulaadne Quattro Construction\u2122 konstruktsioon ja h\u00fcgieeniline Steel Seal\u2122 uks. Neli amortisaatorit kannavad vibratsiooni edasi alusplaadile, mist\u00f5ttu masin praktiliselt \u00fcldse ei vibreeri \u2013 isegi maksimaalsel p\u00f6\u00f6rlemiskiirusel 1600 p\/min. 23 hoolikalt kavandatud programmi ja 5 re\u017eiimi tagavad pesu hooldamiseks t\u00e4iuslikud seadistused.<br \/>Energiat\u00f5hususe klass: A+++<br \/>Pesuv\u00f5ime: 9 kg<br \/>P\u00f6\u00f6rlemiskiirus: 1600 p\u00f6\u00f6ret minutis<br \/>Programmide arv: 23<br \/>Pro Wash\u2122<br \/>Paigaldust\u00fc\u00fcp: vabalt paigutatud<br \/>Tootesari: Logic \u2013 selge \u00fclemine juhtpaneel<br \/>V\u00e4rv valge<\/p>\n","protected":false},"featured_media":63896,"template":"","meta":[],"product_cat":[2830],"product_tag":[],"_links":{"self":[{"href":"https:\/\/luxtehnikashop.ee\/et\/wp-json\/wp\/v2\/product\/63895"}],"collection":[{"href":"https:\/\/luxtehnikashop.ee\/et\/wp-json\/wp\/v2\/product"}],"about":[{"href":"https:\/\/luxtehnikashop.ee\/et\/wp-json\/wp\/v2\/types\/product"}],"wp:featuredmedia":[{"embeddable":true,"href":"https:\/\/luxtehnikashop.ee\/et\/wp-json\/wp\/v2\/media\/63896"}],"wp:attachment":[{"href":"https:\/\/luxtehnikashop.ee\/et\/wp-json\/wp\/v2\/media?parent=63895"}],"wp:term":[{"taxonomy":"product_cat","embeddable":true,"href":"https:\/\/luxtehnikashop.ee\/et\/wp-json\/wp\/v2\/product_cat?post=63895"},{"taxonomy":"product_tag","embeddable":true,"href":"https:\/\/luxtehnikashop.ee\/et\/wp-json\/wp\/v2\/product_tag?post=63895"}],"curies":[{"name":"wp","href":"https:\/\/api.w.org\/{rel}","templated":true}]}}