{"id":63947,"date":"2026-04-29T02:00:45","date_gmt":"2026-04-29T02:00:45","guid":{"rendered":""},"modified":"2026-04-29T02:00:45","modified_gmt":"2026-04-29T02:00:45","slug":"asko-t611hx-w-valge-eestlaetav-kuivati","status":"publish","type":"product","link":"https:\/\/luxtehnikashop.ee\/et\/p\/asko-t611hx-w-valge-eestlaetav-kuivati\/","title":{"rendered":"ASKO T611HX.W Valge Eestlaetav kuivati"},"content":{"rendered":"","protected":false},"excerpt":{"rendered":"<p>Sellel energias\u00e4\u00e4stlikul valgel soojuspumbaga trummelkuivatil meie Style sarjast on tugev ja kauakestev konstruktsioon, roostevabast terasest trummel ja usaldusv\u00e4\u00e4rne harjadeta mootor. Paigaldamine on lihtne, kuna pole vaja kanaleid ja see sobib ka kitsastesse kohtadesse, kuna soojuspump vajab vaid v\u00e4hesel m\u00e4\u00e4ral v\u00e4lis\u00f5hku. Seda on lihtne kasutada ja automaatsete programmide abil saate m\u00e4\u00e4rata erinevaid kuivusastmeid, alates t\u00e4ielikult kuivast kuni triikimiskuivuseni. 18 programmi ja erinevad valikud aitavad teil riideid iga kord t\u00f5husalt kuivatada.<\/p>\n<p>Tootekirjeldus<br \/>Energiat\u00f5hususe klass: A++<br \/>Kandev\u00f5ime: 11 kg<br \/>Soojus pump<br \/>Saadete arv: 18<br \/>Automaatne kondensaatori filtri puhastus<br \/>Paigaldamine: eraldiseisev<br \/>Seeria: style<br \/>Toote v\u00e4rvus: Valge<\/p>\n","protected":false},"featured_media":63948,"template":"","meta":[],"product_cat":[2830],"product_tag":[],"_links":{"self":[{"href":"https:\/\/luxtehnikashop.ee\/et\/wp-json\/wp\/v2\/product\/63947"}],"collection":[{"href":"https:\/\/luxtehnikashop.ee\/et\/wp-json\/wp\/v2\/product"}],"about":[{"href":"https:\/\/luxtehnikashop.ee\/et\/wp-json\/wp\/v2\/types\/product"}],"wp:featuredmedia":[{"embeddable":true,"href":"https:\/\/luxtehnikashop.ee\/et\/wp-json\/wp\/v2\/media\/63948"}],"wp:attachment":[{"href":"https:\/\/luxtehnikashop.ee\/et\/wp-json\/wp\/v2\/media?parent=63947"}],"wp:term":[{"taxonomy":"product_cat","embeddable":true,"href":"https:\/\/luxtehnikashop.ee\/et\/wp-json\/wp\/v2\/product_cat?post=63947"},{"taxonomy":"product_tag","embeddable":true,"href":"https:\/\/luxtehnikashop.ee\/et\/wp-json\/wp\/v2\/product_tag?post=63947"}],"curies":[{"name":"wp","href":"https:\/\/api.w.org\/{rel}","templated":true}]}}