{"id":63990,"date":"2026-04-27T02:00:42","date_gmt":"2026-04-27T02:00:42","guid":{"rendered":""},"modified":"2026-04-27T02:00:42","modified_gmt":"2026-04-27T02:00:42","slug":"asko-hi1153w-valge-valjatommatav-triikimislaud","status":"publish","type":"product","link":"https:\/\/luxtehnikashop.ee\/et\/p\/asko-hi1153w-valge-valjatommatav-triikimislaud\/","title":{"rendered":"ASKO HI1153W Valge V\u00e4ljat\u00f5mmatav triikimislaud"},"content":{"rendered":"","protected":false},"excerpt":{"rendered":"<p>Valge v\u00e4ljat\u00f5mmatav triikimislaud, mille saab panna pesumasina ja kuivati \u200b\u200bvahele ergonoomilisele k\u00f5rgusele.<br \/>Lihtne ja hea disainiga tarvik, mis on n\u00e4htamatu, kui seda ei kasutata ja mis on alati k\u00e4ep\u00e4rast, kui on vaja asju triikida.<br \/>See triikimislaud on osa meie Hidden Helpersi tootesarjast, mis sisaldab pesu- ja s\u00e4ilitustarvikuid, mis integreeruvad sujuvalt ASKO pesumasinatega.<\/p>\n","protected":false},"featured_media":63991,"template":"","meta":[],"product_cat":[2830],"product_tag":[],"_links":{"self":[{"href":"https:\/\/luxtehnikashop.ee\/et\/wp-json\/wp\/v2\/product\/63990"}],"collection":[{"href":"https:\/\/luxtehnikashop.ee\/et\/wp-json\/wp\/v2\/product"}],"about":[{"href":"https:\/\/luxtehnikashop.ee\/et\/wp-json\/wp\/v2\/types\/product"}],"wp:featuredmedia":[{"embeddable":true,"href":"https:\/\/luxtehnikashop.ee\/et\/wp-json\/wp\/v2\/media\/63991"}],"wp:attachment":[{"href":"https:\/\/luxtehnikashop.ee\/et\/wp-json\/wp\/v2\/media?parent=63990"}],"wp:term":[{"taxonomy":"product_cat","embeddable":true,"href":"https:\/\/luxtehnikashop.ee\/et\/wp-json\/wp\/v2\/product_cat?post=63990"},{"taxonomy":"product_tag","embeddable":true,"href":"https:\/\/luxtehnikashop.ee\/et\/wp-json\/wp\/v2\/product_tag?post=63990"}],"curies":[{"name":"wp","href":"https:\/\/api.w.org\/{rel}","templated":true}]}}