{"id":64008,"date":"2026-04-24T02:00:47","date_gmt":"2026-04-24T02:00:47","guid":{"rendered":""},"modified":"2026-04-24T02:00:47","modified_gmt":"2026-04-24T02:00:47","slug":"asko-hdb1153s-rst-roostevabast-terasest-valjatommatav-korv-ja-riiul","status":"publish","type":"product","link":"https:\/\/luxtehnikashop.ee\/et\/p\/asko-hdb1153s-rst-roostevabast-terasest-valjatommatav-korv-ja-riiul\/","title":{"rendered":"ASKO HDB1153S RST Roostevabast terasest V\u00e4ljat\u00f5mmatav korv ja riiul"},"content":{"rendered":"","protected":false},"excerpt":{"rendered":"<p>V\u00e4ljat\u00f5mmatav roostevabast terasest riiul ja korv, mille saab integreerida ergonoomilisele k\u00f5rgusele pesumasina ja kuivati \u200b\u200bvahele.<br \/>Mugavate tarvikute komplekt pesu laadimise, mahalaadimise ja sorteerimise lihtsustamiseks, mis koosneb eemaldatavast traatkorvist ja riiulist.<br \/>See v\u00e4ljat\u00f5mmatav riiul ja korv on osa Hidden Helpersi tootesarjast, mis sisaldab pesu- ja s\u00e4ilitustarvikuid, mida on lihtne ASKO pesumasinatega integreerida.<\/p>\n","protected":false},"featured_media":64009,"template":"","meta":[],"product_cat":[2830],"product_tag":[],"_links":{"self":[{"href":"https:\/\/luxtehnikashop.ee\/et\/wp-json\/wp\/v2\/product\/64008"}],"collection":[{"href":"https:\/\/luxtehnikashop.ee\/et\/wp-json\/wp\/v2\/product"}],"about":[{"href":"https:\/\/luxtehnikashop.ee\/et\/wp-json\/wp\/v2\/types\/product"}],"wp:featuredmedia":[{"embeddable":true,"href":"https:\/\/luxtehnikashop.ee\/et\/wp-json\/wp\/v2\/media\/64009"}],"wp:attachment":[{"href":"https:\/\/luxtehnikashop.ee\/et\/wp-json\/wp\/v2\/media?parent=64008"}],"wp:term":[{"taxonomy":"product_cat","embeddable":true,"href":"https:\/\/luxtehnikashop.ee\/et\/wp-json\/wp\/v2\/product_cat?post=64008"},{"taxonomy":"product_tag","embeddable":true,"href":"https:\/\/luxtehnikashop.ee\/et\/wp-json\/wp\/v2\/product_tag?post=64008"}],"curies":[{"name":"wp","href":"https:\/\/api.w.org\/{rel}","templated":true}]}}