{"id":64134,"date":"2026-05-01T02:00:40","date_gmt":"2026-05-01T02:00:40","guid":{"rendered":""},"modified":"2026-05-01T02:00:40","modified_gmt":"2026-05-01T02:00:40","slug":"asko-dc7784hp-w-pro-home-valge-eraldiseisev-soojuspumbaga-kuivatuskapp","status":"publish","type":"product","link":"https:\/\/luxtehnikashop.ee\/et\/p\/asko-dc7784hp-w-pro-home-valge-eraldiseisev-soojuspumbaga-kuivatuskapp\/","title":{"rendered":"ASKO DC7784HP.W PRO HOME Valge Eraldiseisev soojuspumbaga Kuivatuskapp"},"content":{"rendered":"","protected":false},"excerpt":{"rendered":"<p>Eraldiseisev Soojuspumbaga Kuivatuskapp<br \/>Ukse viimistlus: Valge<br \/>Kiire ja mugav lahendus, mis sobib k\u00f5igile riietele<br \/>Aitab hoida riideid kuivana, kui need ei vaja eelpesu v\u00f5i ei sobi traditsioonilistesse kuivatitesse<br \/>Sobib \u00fcler\u00f5ivaste, m\u00fctside, kingade, kummikute, kinnaste, aluspesu ja \u00fcldesemete kandmiseks.<br \/>Kuivatab k\u00f5ik m\u00e4rjad riided mugavalt-lihtsalt riputa need kappi ja pane kapp t\u00f6\u00f6le. Kuivatuskapis kuivavad riided \u00f5rnalt ja t\u00f5husalt.<br \/>Sobib nii \u00f5hukese siidlina kui ka riietusega inimestele, kelle t\u00f6\u00f6 toimub rasketes kliimatingimustes, n\u00e4iteks p\u00e4\u00e4stjatele v\u00f5i kaevuritele.<br \/>Taimer<br \/>Suure mahutavusega<br \/>Kolm erinevat k\u00f5rgust ja kokkupandavat riidepuud tagavad t\u00f5husa \u00f5huvahetuse, et ka suuremad riided &#8211; sealhulgas r\u00e4tikud, jakid, p\u00fcksid\u00a0 kuivaksid \u00fchtlaselt.<br \/>Sobib lasteaedadesse\/koolidesse laste \u00f5ueriiete, m\u00fctside, kinnaste ja jalan\u00f5ude kuivatamiseks, samuti \u00f5rnade siidist ja linast riiete kuivatamiseks.<br \/>Lisaks on seade suurep\u00e4rane ost neile, kes elavad piirkondades, kus on k\u00f5rge \u00f5huniiskus v\u00f5i sagedased sademed<\/p>\n","protected":false},"featured_media":64136,"template":"","meta":[],"product_cat":[2830],"product_tag":[],"_links":{"self":[{"href":"https:\/\/luxtehnikashop.ee\/et\/wp-json\/wp\/v2\/product\/64134"}],"collection":[{"href":"https:\/\/luxtehnikashop.ee\/et\/wp-json\/wp\/v2\/product"}],"about":[{"href":"https:\/\/luxtehnikashop.ee\/et\/wp-json\/wp\/v2\/types\/product"}],"wp:featuredmedia":[{"embeddable":true,"href":"https:\/\/luxtehnikashop.ee\/et\/wp-json\/wp\/v2\/media\/64136"}],"wp:attachment":[{"href":"https:\/\/luxtehnikashop.ee\/et\/wp-json\/wp\/v2\/media?parent=64134"}],"wp:term":[{"taxonomy":"product_cat","embeddable":true,"href":"https:\/\/luxtehnikashop.ee\/et\/wp-json\/wp\/v2\/product_cat?post=64134"},{"taxonomy":"product_tag","embeddable":true,"href":"https:\/\/luxtehnikashop.ee\/et\/wp-json\/wp\/v2\/product_tag?post=64134"}],"curies":[{"name":"wp","href":"https:\/\/api.w.org\/{rel}","templated":true}]}}