{"id":64186,"date":"2026-04-20T02:00:48","date_gmt":"2026-04-20T02:00:48","guid":{"rendered":""},"modified":"2026-04-20T02:00:48","modified_gmt":"2026-04-20T02:00:48","slug":"blanco-culina-s-ii-kasidusiga-koogisegisti","status":"publish","type":"product","link":"https:\/\/luxtehnikashop.ee\/et\/p\/blanco-culina-s-ii-kasidusiga-koogisegisti\/","title":{"rendered":"BLANCO CULINA-S II K\u00e4sidu\u0161iga K\u00f6\u00f6gisegisti"},"content":{"rendered":"","protected":false},"excerpt":{"rendered":"<p>K\u00f6\u00f6gisegisti\u00a0K\u00e4sidu\u0161iga<br \/>Pinnat\u00f6\u00f6tlus: Satiin Dark Steel, Satiin Platinum, PVD Steel, Black Matt<br \/>Kaasaegne disain<br \/>Segisti on valmistatud elegantsest roostevabast terasest vedrust, mis tagab v\u00e4ljalaske vabaduse ja t\u00f6\u00f6 lihtsuse.<br \/><span style=\"font-size:10pt;\"><span style=\"font-family:arial, helvetica, sans-serif;\">Mugav vooliku lukustus peidetud magnethoidikuga\u00a0<\/span><\/span><\/p>\n","protected":false},"featured_media":64191,"template":"","meta":[],"product_cat":[275],"product_tag":[],"_links":{"self":[{"href":"https:\/\/luxtehnikashop.ee\/et\/wp-json\/wp\/v2\/product\/64186"}],"collection":[{"href":"https:\/\/luxtehnikashop.ee\/et\/wp-json\/wp\/v2\/product"}],"about":[{"href":"https:\/\/luxtehnikashop.ee\/et\/wp-json\/wp\/v2\/types\/product"}],"wp:featuredmedia":[{"embeddable":true,"href":"https:\/\/luxtehnikashop.ee\/et\/wp-json\/wp\/v2\/media\/64191"}],"wp:attachment":[{"href":"https:\/\/luxtehnikashop.ee\/et\/wp-json\/wp\/v2\/media?parent=64186"}],"wp:term":[{"taxonomy":"product_cat","embeddable":true,"href":"https:\/\/luxtehnikashop.ee\/et\/wp-json\/wp\/v2\/product_cat?post=64186"},{"taxonomy":"product_tag","embeddable":true,"href":"https:\/\/luxtehnikashop.ee\/et\/wp-json\/wp\/v2\/product_tag?post=64186"}],"curies":[{"name":"wp","href":"https:\/\/api.w.org\/{rel}","templated":true}]}}