{"id":64587,"date":"2026-04-30T02:00:39","date_gmt":"2026-04-30T02:00:39","guid":{"rendered":""},"modified":"2026-04-30T02:00:39","modified_gmt":"2026-04-30T02:00:39","slug":"blanco-527454-drink-filter-microplastic-s-veefiltrikassett","status":"publish","type":"product","link":"https:\/\/luxtehnikashop.ee\/et\/p\/blanco-527454-drink-filter-microplastic-s-veefiltrikassett\/","title":{"rendered":"BLANCO 527454 Drink Filter Microplastic S Veefiltrikassett"},"content":{"rendered":"","protected":false},"excerpt":{"rendered":"<p>Veefiltrikassett<\/p>\n<p>Kodumajapidamises kasutamiseks heakskiidetud mikrofiltreerimine tagab puhta vee, eemaldades katlakivi, kloorij\u00e4\u00e4gid ja kahjulikud ained, mis p\u00f5hjustavad ebameeldivaid l\u00f5hnu.<br \/>Micro 1\u03bc filter eemaldab osakesi nagu mikroplastik, liiv ja rooste. Filter s\u00e4ilitab looduslikud mineraalid.<br \/>Veekulu: 1500 liitrit. Maksimaalne kasutusiga: 12 kuud.<br \/>PURA abil joote kvaliteetset vett, et parandada oma jookide ja lemmikretseptide maitset.<\/p>\n","protected":false},"featured_media":64588,"template":"","meta":[],"product_cat":[275],"product_tag":[],"_links":{"self":[{"href":"https:\/\/luxtehnikashop.ee\/et\/wp-json\/wp\/v2\/product\/64587"}],"collection":[{"href":"https:\/\/luxtehnikashop.ee\/et\/wp-json\/wp\/v2\/product"}],"about":[{"href":"https:\/\/luxtehnikashop.ee\/et\/wp-json\/wp\/v2\/types\/product"}],"wp:featuredmedia":[{"embeddable":true,"href":"https:\/\/luxtehnikashop.ee\/et\/wp-json\/wp\/v2\/media\/64588"}],"wp:attachment":[{"href":"https:\/\/luxtehnikashop.ee\/et\/wp-json\/wp\/v2\/media?parent=64587"}],"wp:term":[{"taxonomy":"product_cat","embeddable":true,"href":"https:\/\/luxtehnikashop.ee\/et\/wp-json\/wp\/v2\/product_cat?post=64587"},{"taxonomy":"product_tag","embeddable":true,"href":"https:\/\/luxtehnikashop.ee\/et\/wp-json\/wp\/v2\/product_tag?post=64587"}],"curies":[{"name":"wp","href":"https:\/\/api.w.org\/{rel}","templated":true}]}}