{"id":64704,"date":"2026-04-25T02:00:42","date_gmt":"2026-04-25T02:00:42","guid":{"rendered":""},"modified":"2026-04-25T02:00:42","modified_gmt":"2026-04-25T02:00:42","slug":"asko-t409hs-w-eestlaetav-kuivati","status":"publish","type":"product","link":"https:\/\/luxtehnikashop.ee\/et\/p\/asko-t409hs-w-eestlaetav-kuivati\/","title":{"rendered":"ASKO T409HS.W Eestlaetav kuivati"},"content":{"rendered":"","protected":false},"excerpt":{"rendered":"<p><span style=\"color:#262e44;font-family:Nexa, sans-serif;font-size:15px;font-style:normal;font-weight:400;letter-spacing:normal;text-indent:0px;text-transform:none;word-spacing:0px;white-space:normal;float:none;\">Asko pesukuivati on ideaalne lahendus neile, kes soovivad kiiret ja efektiivset riiete kuivatamist. See on varustatud nutikate funktsioonidega, mis tagavad siid- ja villariiete \u00f5rna hoolduse ning muudavad kuivatamise mugavaks ja energias\u00e4\u00e4stlikuks. Butterfly Drying\u2122 tehnoloogia tagab riiete \u00fchtlase kuivatamise ilma kortsude ja pundardeta.<\/span><br style=\"color:#262e44;font-family:Nexa, sans-serif;font-size:15px;font-style:normal;font-weight:400;letter-spacing:normal;text-indent:0px;text-transform:none;word-spacing:0px;white-space:normal;\" \/><br style=\"color:#262e44;font-family:Nexa, sans-serif;font-size:15px;font-style:normal;font-weight:400;letter-spacing:normal;text-indent:0px;text-transform:none;word-spacing:0px;white-space:normal;\" \/><span style=\"color:#262e44;font-family:Nexa, sans-serif;font-size:15px;font-style:normal;font-weight:400;letter-spacing:normal;text-indent:0px;text-transform:none;word-spacing:0px;white-space:normal;float:none;\">\u2022 Butterfly Drying\u2122 tagab koormuse optimaalse jaotuse ja takistab pesu kokkukuhjumist.<\/span><br style=\"color:#262e44;font-family:Nexa, sans-serif;font-size:15px;font-style:normal;font-weight:400;letter-spacing:normal;text-indent:0px;text-transform:none;word-spacing:0px;white-space:normal;\" \/><span style=\"color:#262e44;font-family:Nexa, sans-serif;font-size:15px;font-style:normal;font-weight:400;letter-spacing:normal;text-indent:0px;text-transform:none;word-spacing:0px;white-space:normal;float:none;\">\u2022 Quick Pro programm &#8211; t\u00f5hus kuivatus vaid 59 minutiga (k\u00f5ik pesud)<\/span><br style=\"color:#262e44;font-family:Nexa, sans-serif;font-size:15px;font-style:normal;font-weight:400;letter-spacing:normal;text-indent:0px;text-transform:none;word-spacing:0px;white-space:normal;\" \/><span style=\"color:#262e44;font-family:Nexa, sans-serif;font-size:15px;font-style:normal;font-weight:400;letter-spacing:normal;text-indent:0px;text-transform:none;word-spacing:0px;white-space:normal;float:none;\">\u2022 Auruga kortsude eemaldamise ja v\u00e4rskendamise programmid<\/span><br style=\"color:#262e44;font-family:Nexa, sans-serif;font-size:15px;font-style:normal;font-weight:400;letter-spacing:normal;text-indent:0px;text-transform:none;word-spacing:0px;white-space:normal;\" \/><span style=\"color:#262e44;font-family:Nexa, sans-serif;font-size:15px;font-style:normal;font-weight:400;letter-spacing:normal;text-indent:0px;text-transform:none;word-spacing:0px;white-space:normal;float:none;\">\u2022 Eriti \u00f5rn siidi ja villa kuivatus<\/span><br style=\"color:#262e44;font-family:Nexa, sans-serif;font-size:15px;font-style:normal;font-weight:400;letter-spacing:normal;text-indent:0px;text-transform:none;word-spacing:0px;white-space:normal;\" \/><span style=\"color:#262e44;font-family:Nexa, sans-serif;font-size:15px;font-style:normal;font-weight:400;letter-spacing:normal;text-indent:0px;text-transform:none;word-spacing:0px;white-space:normal;float:none;\">\u2022 T\u00e4iuslik kuivusaste automaatprogrammide ja niiskusanduriga<\/span><\/p>\n<p>Tootekirjeldus<br \/>Energiat\u00f5hususe klass: A++<br \/>Kandev\u00f5ime: 9 kg<br \/>Soojus pump<br \/>Saadete arv: 16<br \/>Automaatne kondensaatori filtri puhastus<br \/>Paigaldamine: eraldiseisev<br \/>Seeria: Logic<br \/>Toote v\u00e4rvus: Valge<\/p>\n","protected":false},"featured_media":64705,"template":"","meta":[],"product_cat":[2830],"product_tag":[],"_links":{"self":[{"href":"https:\/\/luxtehnikashop.ee\/et\/wp-json\/wp\/v2\/product\/64704"}],"collection":[{"href":"https:\/\/luxtehnikashop.ee\/et\/wp-json\/wp\/v2\/product"}],"about":[{"href":"https:\/\/luxtehnikashop.ee\/et\/wp-json\/wp\/v2\/types\/product"}],"wp:featuredmedia":[{"embeddable":true,"href":"https:\/\/luxtehnikashop.ee\/et\/wp-json\/wp\/v2\/media\/64705"}],"wp:attachment":[{"href":"https:\/\/luxtehnikashop.ee\/et\/wp-json\/wp\/v2\/media?parent=64704"}],"wp:term":[{"taxonomy":"product_cat","embeddable":true,"href":"https:\/\/luxtehnikashop.ee\/et\/wp-json\/wp\/v2\/product_cat?post=64704"},{"taxonomy":"product_tag","embeddable":true,"href":"https:\/\/luxtehnikashop.ee\/et\/wp-json\/wp\/v2\/product_tag?post=64704"}],"curies":[{"name":"wp","href":"https:\/\/api.w.org\/{rel}","templated":true}]}}