{"id":64728,"date":"2026-04-30T02:00:39","date_gmt":"2026-04-30T02:00:39","guid":{"rendered":""},"modified":"2026-04-30T02:00:39","modified_gmt":"2026-04-30T02:00:39","slug":"asko-hps5323w-valge-valjatommatav-sahtel-pesu-jaoks","status":"publish","type":"product","link":"https:\/\/luxtehnikashop.ee\/et\/p\/asko-hps5323w-valge-valjatommatav-sahtel-pesu-jaoks\/","title":{"rendered":"ASKO HPS5323W Valge V\u00e4ljat\u00f5mmatav sahtel pesu jaoks"},"content":{"rendered":"","protected":false},"excerpt":{"rendered":"<p>Valge v\u00e4ljat\u00f5mmatav riiul ja korv, mis mahub pesumasina ja kuivati \u200b\u200bvahele ergonoomilisel k\u00f5rgusel. <br \/>See v\u00e4ljat\u00f5mmatav riiul ja korv on osa meie Hidden Helpersi tootesarjast, mis sisaldab pesu- ja s\u00e4ilitustarvikuid, mis integreeruvad sujuvalt ASKO pesumasinatesse.<\/p>\n","protected":false},"featured_media":64729,"template":"","meta":[],"product_cat":[2830],"product_tag":[],"_links":{"self":[{"href":"https:\/\/luxtehnikashop.ee\/et\/wp-json\/wp\/v2\/product\/64728"}],"collection":[{"href":"https:\/\/luxtehnikashop.ee\/et\/wp-json\/wp\/v2\/product"}],"about":[{"href":"https:\/\/luxtehnikashop.ee\/et\/wp-json\/wp\/v2\/types\/product"}],"wp:featuredmedia":[{"embeddable":true,"href":"https:\/\/luxtehnikashop.ee\/et\/wp-json\/wp\/v2\/media\/64729"}],"wp:attachment":[{"href":"https:\/\/luxtehnikashop.ee\/et\/wp-json\/wp\/v2\/media?parent=64728"}],"wp:term":[{"taxonomy":"product_cat","embeddable":true,"href":"https:\/\/luxtehnikashop.ee\/et\/wp-json\/wp\/v2\/product_cat?post=64728"},{"taxonomy":"product_tag","embeddable":true,"href":"https:\/\/luxtehnikashop.ee\/et\/wp-json\/wp\/v2\/product_tag?post=64728"}],"curies":[{"name":"wp","href":"https:\/\/api.w.org\/{rel}","templated":true}]}}