{"id":64733,"date":"2026-05-03T02:00:52","date_gmt":"2026-05-03T02:00:52","guid":{"rendered":""},"modified":"2026-05-03T02:00:52","modified_gmt":"2026-05-03T02:00:52","slug":"asko-hps5323s-rst-valjatommatav-sahtel-pesu-jaoks","status":"publish","type":"product","link":"https:\/\/luxtehnikashop.ee\/et\/p\/asko-hps5323s-rst-valjatommatav-sahtel-pesu-jaoks\/","title":{"rendered":"ASKO HPS5323S RST V\u00e4ljat\u00f5mmatav sahtel pesu jaoks"},"content":{"rendered":"","protected":false},"excerpt":{"rendered":"<p>V\u00e4ljat\u00f5mmatav riiul ja korv\/ RST-Roostevaba teras \/, mis mahub pesumasina ja kuivati \u200b\u200bvahele ergonoomilisel k\u00f5rgusel. See v\u00e4ljat\u00f5mmatav riiul ja korv on osa meie Hidden Helpersi tootesarjast, mis sisaldab pesu- ja s\u00e4ilitustarvikuid, mis integreeruvad sujuvalt ASKO pesumasinatesse.<\/p>\n","protected":false},"featured_media":64734,"template":"","meta":[],"product_cat":[2830],"product_tag":[],"_links":{"self":[{"href":"https:\/\/luxtehnikashop.ee\/et\/wp-json\/wp\/v2\/product\/64733"}],"collection":[{"href":"https:\/\/luxtehnikashop.ee\/et\/wp-json\/wp\/v2\/product"}],"about":[{"href":"https:\/\/luxtehnikashop.ee\/et\/wp-json\/wp\/v2\/types\/product"}],"wp:featuredmedia":[{"embeddable":true,"href":"https:\/\/luxtehnikashop.ee\/et\/wp-json\/wp\/v2\/media\/64734"}],"wp:attachment":[{"href":"https:\/\/luxtehnikashop.ee\/et\/wp-json\/wp\/v2\/media?parent=64733"}],"wp:term":[{"taxonomy":"product_cat","embeddable":true,"href":"https:\/\/luxtehnikashop.ee\/et\/wp-json\/wp\/v2\/product_cat?post=64733"},{"taxonomy":"product_tag","embeddable":true,"href":"https:\/\/luxtehnikashop.ee\/et\/wp-json\/wp\/v2\/product_tag?post=64733"}],"curies":[{"name":"wp","href":"https:\/\/api.w.org\/{rel}","templated":true}]}}