{"id":64745,"date":"2026-04-23T02:00:47","date_gmt":"2026-04-23T02:00:47","guid":{"rendered":""},"modified":"2026-04-23T02:00:47","modified_gmt":"2026-04-23T02:00:47","slug":"asko-lf11-softener-1l-pesupehmendaja","status":"publish","type":"product","link":"https:\/\/luxtehnikashop.ee\/et\/p\/asko-lf11-softener-1l-pesupehmendaja\/","title":{"rendered":"ASKO LF11 SOFTENER 1L &#8211; Pesupehmendaja"},"content":{"rendered":"","protected":false},"excerpt":{"rendered":"<p><b>Pesupehmendaja<\/b><br \/>Laundry Essentials on keskkonnas\u00f5bralik, Swan-m\u00e4rgisega ja vegan pesupesemisvahendite ja -pehmendajate sari.<br \/>Tooted ei sisalda v\u00e4rvaineid, parabeene ega loomset p\u00e4ritolu koostisosi ning sisaldavad l\u00f5hna neutraliseerivat tehnoloogiat.<\/p>\n","protected":false},"featured_media":64746,"template":"","meta":[],"product_cat":[2830],"product_tag":[],"_links":{"self":[{"href":"https:\/\/luxtehnikashop.ee\/et\/wp-json\/wp\/v2\/product\/64745"}],"collection":[{"href":"https:\/\/luxtehnikashop.ee\/et\/wp-json\/wp\/v2\/product"}],"about":[{"href":"https:\/\/luxtehnikashop.ee\/et\/wp-json\/wp\/v2\/types\/product"}],"wp:featuredmedia":[{"embeddable":true,"href":"https:\/\/luxtehnikashop.ee\/et\/wp-json\/wp\/v2\/media\/64746"}],"wp:attachment":[{"href":"https:\/\/luxtehnikashop.ee\/et\/wp-json\/wp\/v2\/media?parent=64745"}],"wp:term":[{"taxonomy":"product_cat","embeddable":true,"href":"https:\/\/luxtehnikashop.ee\/et\/wp-json\/wp\/v2\/product_cat?post=64745"},{"taxonomy":"product_tag","embeddable":true,"href":"https:\/\/luxtehnikashop.ee\/et\/wp-json\/wp\/v2\/product_tag?post=64745"}],"curies":[{"name":"wp","href":"https:\/\/api.w.org\/{rel}","templated":true}]}}