{"id":64750,"date":"2026-05-04T02:00:55","date_gmt":"2026-05-04T02:00:55","guid":{"rendered":""},"modified":"2026-05-04T02:00:55","modified_gmt":"2026-05-04T02:00:55","slug":"asko-lw11-white-1l-vedel-pesuvahend-valgele-pesule","status":"publish","type":"product","link":"https:\/\/luxtehnikashop.ee\/et\/p\/asko-lw11-white-1l-vedel-pesuvahend-valgele-pesule\/","title":{"rendered":"ASKO LW11 WHITE 1L &#8211; Vedel Pesuvahend valgele pesule"},"content":{"rendered":"","protected":false},"excerpt":{"rendered":"<p><b>Vedel Pesuvahend valgele pesule<\/b><br \/>Laundry Essentials on keskkonnas\u00f5bralik, Swan-m\u00e4rgisega ja vegan pesupesemisvahendite ja -pehmendajate sari. <br \/>Tooted ei sisalda v\u00e4rvaineid, parabeene ega loomset p\u00e4ritolu koostisosi ning sisaldavad l\u00f5hna neutraliseerivat tehnoloogiat.<br \/>Hoolitse looduse ja keskkonna eest ning kasuta valgete esemete pesemiseks<br \/>See on keskkonnas\u00f5bralik ja t\u00f5hus toode.<\/p>\n","protected":false},"featured_media":64751,"template":"","meta":[],"product_cat":[2830],"product_tag":[],"_links":{"self":[{"href":"https:\/\/luxtehnikashop.ee\/et\/wp-json\/wp\/v2\/product\/64750"}],"collection":[{"href":"https:\/\/luxtehnikashop.ee\/et\/wp-json\/wp\/v2\/product"}],"about":[{"href":"https:\/\/luxtehnikashop.ee\/et\/wp-json\/wp\/v2\/types\/product"}],"wp:featuredmedia":[{"embeddable":true,"href":"https:\/\/luxtehnikashop.ee\/et\/wp-json\/wp\/v2\/media\/64751"}],"wp:attachment":[{"href":"https:\/\/luxtehnikashop.ee\/et\/wp-json\/wp\/v2\/media?parent=64750"}],"wp:term":[{"taxonomy":"product_cat","embeddable":true,"href":"https:\/\/luxtehnikashop.ee\/et\/wp-json\/wp\/v2\/product_cat?post=64750"},{"taxonomy":"product_tag","embeddable":true,"href":"https:\/\/luxtehnikashop.ee\/et\/wp-json\/wp\/v2\/product_tag?post=64750"}],"curies":[{"name":"wp","href":"https:\/\/api.w.org\/{rel}","templated":true}]}}