{"id":68801,"date":"2026-04-22T02:00:11","date_gmt":"2026-04-22T02:00:11","guid":{"rendered":""},"modified":"2026-04-22T02:00:11","modified_gmt":"2026-04-22T02:00:11","slug":"elleci-easy-135-pealt-paigaldatav-graniit-koogivalamu1","status":"publish","type":"product","link":"https:\/\/luxtehnikashop.ee\/et\/p\/elleci-easy-135-pealt-paigaldatav-graniit-koogivalamu1\/","title":{"rendered":"ELLECI EASY 135 Pealt Paigaldatav Graniit K\u00f6\u00f6givalamu"},"content":{"rendered":"","protected":false},"excerpt":{"rendered":"<p>K\u00f6\u00f6givalamu<br \/>L\u00e4hedane looduslikule graniidile,kattega &#8220;PRO CLEAN&#8221; antibakteriaal kaitsega<br \/>Aluskapp 45 cm, Nurgakapile &#8211; 90x90cm<br \/>Saadaval 8 v\u00e4rvitoonis<br \/>Valamu m\u00f5\u00f5dud: 680 x 500mm<br \/>Kausi m\u00f5\u00f5dud: 336 x 430 x 210mm<br \/>Reversiivne<\/p>\n","protected":false},"featured_media":68812,"template":"","meta":[],"product_cat":[62,170],"product_tag":[],"_links":{"self":[{"href":"https:\/\/luxtehnikashop.ee\/et\/wp-json\/wp\/v2\/product\/68801"}],"collection":[{"href":"https:\/\/luxtehnikashop.ee\/et\/wp-json\/wp\/v2\/product"}],"about":[{"href":"https:\/\/luxtehnikashop.ee\/et\/wp-json\/wp\/v2\/types\/product"}],"wp:featuredmedia":[{"embeddable":true,"href":"https:\/\/luxtehnikashop.ee\/et\/wp-json\/wp\/v2\/media\/68812"}],"wp:attachment":[{"href":"https:\/\/luxtehnikashop.ee\/et\/wp-json\/wp\/v2\/media?parent=68801"}],"wp:term":[{"taxonomy":"product_cat","embeddable":true,"href":"https:\/\/luxtehnikashop.ee\/et\/wp-json\/wp\/v2\/product_cat?post=68801"},{"taxonomy":"product_tag","embeddable":true,"href":"https:\/\/luxtehnikashop.ee\/et\/wp-json\/wp\/v2\/product_tag?post=68801"}],"curies":[{"name":"wp","href":"https:\/\/api.w.org\/{rel}","templated":true}]}}