{"id":69701,"date":"2026-04-21T02:00:50","date_gmt":"2026-04-21T02:00:50","guid":{"rendered":""},"modified":"2026-04-21T02:00:50","modified_gmt":"2026-04-21T02:00:50","slug":"blanco-evol-s-pro-filter-gold-satin-kasidusiga-2in1-kombi-vee-filtreerimise-funktsiooniga-koogisegisti","status":"publish","type":"product","link":"https:\/\/luxtehnikashop.ee\/et\/p\/blanco-evol-s-pro-filter-gold-satin-kasidusiga-2in1-kombi-vee-filtreerimise-funktsiooniga-koogisegisti\/","title":{"rendered":"BLANCO EVOL-S PRO FILTER Gold Satin K\u00e4sidu\u0161iga 2in1 Kombi vee filtreerimise funktsiooniga K\u00f6\u00f6gisegisti"},"content":{"rendered":"","protected":false},"excerpt":{"rendered":"<p>Kombi K\u00f6\u00f6gisegisti K\u00e4sidu\u0161iga ja viltreeritud veele<br \/>Segisti on m\u00f5eldud K\u00f6\u00f6givalamule paigaldamiseks ja \u00fchendamiseks veepuhastusfiltriga<br \/>\u00dchendab stiilse disaini ja t\u00e4iustatud funktsionaalsuse.<br \/>See v\u00f5imaldab eraldi tilade kaudu k\u00fclma, sooja ja filtreeritud vett, tagades mugavuse ja kvaliteetse joogivee.<br \/>Filtreeritud vee kogust v\u00f5malik reguleerida p\u00f6\u00f6rdnupu ja intuitiivsete juhtnuppude abil.<br \/>Kahe joaga du\u0161\u0161, millel on l\u00fcliti joa ja du\u0161i vahel ning magnetiline hoidik du\u0161ipea turvaliseks kinnitamiseks.<br \/>Stabiliseeriv plaat mikseri stabiilsuse suurendamiseks.<br \/>Joogivesi ja selles olev \u00fcldine veevool, ilma segamiseta, tarnitakse \u00fche kraani kaudu erinevate pihustite kaudu, mis s\u00e4\u00e4stab ruumi valamu kohal.<br \/>Viimistlus: Brushed St.Steel, Black Matt, Satin Gold<\/p>\n","protected":false},"featured_media":69702,"template":"","meta":[],"product_cat":[275],"product_tag":[],"_links":{"self":[{"href":"https:\/\/luxtehnikashop.ee\/et\/wp-json\/wp\/v2\/product\/69701"}],"collection":[{"href":"https:\/\/luxtehnikashop.ee\/et\/wp-json\/wp\/v2\/product"}],"about":[{"href":"https:\/\/luxtehnikashop.ee\/et\/wp-json\/wp\/v2\/types\/product"}],"wp:featuredmedia":[{"embeddable":true,"href":"https:\/\/luxtehnikashop.ee\/et\/wp-json\/wp\/v2\/media\/69702"}],"wp:attachment":[{"href":"https:\/\/luxtehnikashop.ee\/et\/wp-json\/wp\/v2\/media?parent=69701"}],"wp:term":[{"taxonomy":"product_cat","embeddable":true,"href":"https:\/\/luxtehnikashop.ee\/et\/wp-json\/wp\/v2\/product_cat?post=69701"},{"taxonomy":"product_tag","embeddable":true,"href":"https:\/\/luxtehnikashop.ee\/et\/wp-json\/wp\/v2\/product_tag?post=69701"}],"curies":[{"name":"wp","href":"https:\/\/api.w.org\/{rel}","templated":true}]}}