{"id":72533,"date":"2026-04-30T02:00:40","date_gmt":"2026-04-30T02:00:40","guid":{"rendered":""},"modified":"2026-04-30T02:00:40","modified_gmt":"2026-04-30T02:00:40","slug":"miele-gfvi-701-77-pureline-xxl-60cm-kaepidemeta-rst-esipaneel-noudepesumasinale-sarjale-g7xx5","status":"publish","type":"product","link":"https:\/\/luxtehnikashop.ee\/et\/p\/miele-gfvi-701-77-pureline-xxl-60cm-kaepidemeta-rst-esipaneel-noudepesumasinale-sarjale-g7xx5\/","title":{"rendered":"MIELE GFVi 701\/77 PureLine XXL 60cm K\u00e4epidemeta RST Esipaneel N\u00f5udepesumasinale sarjale G7xx5"},"content":{"rendered":"","protected":false},"excerpt":{"rendered":"<p>N\u00f5udepesumasina esipaneel<br \/>K\u00e4epidemeta<br \/>Ukse laiusele: 60cm<br \/>Sari: G7xx5<br \/>Viimistlus: Roostevaba teras<br \/>M\u00f5\u00f5tmed: 600&#215;765 mm<\/p>\n","protected":false},"featured_media":72534,"template":"","meta":[],"product_cat":[327,830],"product_tag":[],"_links":{"self":[{"href":"https:\/\/luxtehnikashop.ee\/et\/wp-json\/wp\/v2\/product\/72533"}],"collection":[{"href":"https:\/\/luxtehnikashop.ee\/et\/wp-json\/wp\/v2\/product"}],"about":[{"href":"https:\/\/luxtehnikashop.ee\/et\/wp-json\/wp\/v2\/types\/product"}],"wp:featuredmedia":[{"embeddable":true,"href":"https:\/\/luxtehnikashop.ee\/et\/wp-json\/wp\/v2\/media\/72534"}],"wp:attachment":[{"href":"https:\/\/luxtehnikashop.ee\/et\/wp-json\/wp\/v2\/media?parent=72533"}],"wp:term":[{"taxonomy":"product_cat","embeddable":true,"href":"https:\/\/luxtehnikashop.ee\/et\/wp-json\/wp\/v2\/product_cat?post=72533"},{"taxonomy":"product_tag","embeddable":true,"href":"https:\/\/luxtehnikashop.ee\/et\/wp-json\/wp\/v2\/product_tag?post=72533"}],"curies":[{"name":"wp","href":"https:\/\/api.w.org\/{rel}","templated":true}]}}