{"id":72536,"date":"2026-05-03T02:00:53","date_gmt":"2026-05-03T02:00:53","guid":{"rendered":""},"modified":"2026-05-03T02:00:53","modified_gmt":"2026-05-03T02:00:53","slug":"miele-gfvi-701-72-pureline-60cm-kaepidemeta-rst-esipaneel-noudepesumasinale-sarjale-g7xx0","status":"publish","type":"product","link":"https:\/\/luxtehnikashop.ee\/et\/p\/miele-gfvi-701-72-pureline-60cm-kaepidemeta-rst-esipaneel-noudepesumasinale-sarjale-g7xx0\/","title":{"rendered":"MIELE GFVi 701\/72 PureLine 60cm K\u00e4epidemeta RST Esipaneel N\u00f5udepesumasinale sarjale G7xx0"},"content":{"rendered":"","protected":false},"excerpt":{"rendered":"<p>N\u00f5udepesumasina esipaneel<br \/>K\u00e4epidemeta<br \/>Ukse laiusele: 60 cm<br \/>Sari: G7xx0<br \/>Viimistlus: Roostevaba teras<br \/>M\u00f5\u00f5tmed: 600&#215;715 mm<\/p>\n","protected":false},"featured_media":72537,"template":"","meta":[],"product_cat":[327,830],"product_tag":[],"_links":{"self":[{"href":"https:\/\/luxtehnikashop.ee\/et\/wp-json\/wp\/v2\/product\/72536"}],"collection":[{"href":"https:\/\/luxtehnikashop.ee\/et\/wp-json\/wp\/v2\/product"}],"about":[{"href":"https:\/\/luxtehnikashop.ee\/et\/wp-json\/wp\/v2\/types\/product"}],"wp:featuredmedia":[{"embeddable":true,"href":"https:\/\/luxtehnikashop.ee\/et\/wp-json\/wp\/v2\/media\/72537"}],"wp:attachment":[{"href":"https:\/\/luxtehnikashop.ee\/et\/wp-json\/wp\/v2\/media?parent=72536"}],"wp:term":[{"taxonomy":"product_cat","embeddable":true,"href":"https:\/\/luxtehnikashop.ee\/et\/wp-json\/wp\/v2\/product_cat?post=72536"},{"taxonomy":"product_tag","embeddable":true,"href":"https:\/\/luxtehnikashop.ee\/et\/wp-json\/wp\/v2\/product_tag?post=72536"}],"curies":[{"name":"wp","href":"https:\/\/api.w.org\/{rel}","templated":true}]}}