{"id":72716,"date":"2026-04-30T02:00:41","date_gmt":"2026-04-30T02:00:41","guid":{"rendered":""},"modified":"2026-04-30T02:00:41","modified_gmt":"2026-04-30T02:00:41","slug":"asko-lrc184hp-w-pro-home-valge-eraldiseisev-varskendus-ja-kuivatuskapp","status":"publish","type":"product","link":"https:\/\/luxtehnikashop.ee\/et\/p\/asko-lrc184hp-w-pro-home-valge-eraldiseisev-varskendus-ja-kuivatuskapp\/","title":{"rendered":"ASKO LRC184HP.W PRO HOME Valge Eraldiseisev V\u00e4rskendus- ja kuivatuskapp"},"content":{"rendered":"","protected":false},"excerpt":{"rendered":"<p>Eraldiseisev V\u00e4rskendus- ja kuivatuskapp<\/p>\n<p><strong>\u00dcLDISED OMADUSED<\/strong><\/p>\n<ul>\n<li>\n<p>Klass: Kuivatuskapp<\/p>\n<\/li>\n<li>\n<p>Seeria: Professionaalne tehnika<\/p>\n<\/li>\n<li>\n<p>Kuivatust\u00fc\u00fcp: Soojuspumbaga<\/p>\n<\/li>\n<li>\n<p>Maksimaalne kuivatamiskoormus: 5 kg<\/p>\n<\/li>\n<li>\n<p>Programmi arv: 2<\/p>\n<\/li>\n<\/ul>\n<p><strong>KUUVATAMISE PROGRAMMID<\/strong><\/p>\n<ul>\n<li>\n<p>Tavaline kuivatamine<\/p>\n<\/li>\n<li>\n<p>K\u00fclm kuivatamine<\/p>\n<\/li>\n<li>\n<p>Ajastatud kuivatamine: Jah<\/p>\n<\/li>\n<li>\n<p>J\u00e4\u00e4kniiskuse andur: Jah<\/p>\n<\/li>\n<li>\n<p>Juhtimine: Elektrooniline<\/p>\n<\/li>\n<li>\n<p>Ekraan: Jah<\/p>\n<\/li>\n<li>\n<p>Lastekindlus: Jah<\/p>\n<\/li>\n<li>\n<p>Viivitatud k\u00e4ivitamine: Ei<\/p>\n<\/li>\n<li>\n<p>Programmi edenemise n\u00e4it: Jah<\/p>\n<\/li>\n<li>\n<p>Kaugjuhtimine: Ei<\/p>\n<\/li>\n<li>\n<p>Kohandatud programmide salvestamine: Ei<\/p>\n<\/li>\n<li>\n<p>Veet\u00fchjenduse t\u00fc\u00fcp: kogumisn\u00f5u \/ kanalisatsiooni v\u00e4ljavool<\/p>\n<\/li>\n<li>\n<p>Mootori t\u00fc\u00fcp: Standard<\/p>\n<\/li>\n<li>\n<p>Kuivatamise m\u00fcratase: 70 dB<\/p>\n<\/li>\n<li>\n<p>V\u00f5imsus\u00fchendus: 900 W<\/p>\n<\/li>\n<li>\n<p>Pinge: 230 V<\/p>\n<\/li>\n<li>\n<p>Juhtme pikkus: 2,29 m<\/p>\n<\/li>\n<li>\n<p>Reguleeritavad jalad: Jah<\/p>\n<\/li>\n<li>\n<p>Ukse avamiskraad: 180\u00b0<\/p>\n<\/li>\n<li>\n<p>Ukse \u00fcmberpaigutamine: Jah, eraldi ostetav komplekt<\/p>\n<\/li>\n<li>\n<p>T\u00e4iendavad funktsioonid:<\/p>\n<ul>\n<li>\n<p>Riidepuude kogupikkus: 16 m<\/p>\n<\/li>\n<li>\n<p>Niiskuse eemaldamise kiirus: 22 g\/min<\/p>\n<\/li>\n<li>\n<p>Ventilatsioon: 945 m\u00b3\/h<\/p>\n<\/li>\n<li>\n<p>Ukse tugevdatud heliisolatsioon<\/p>\n<\/li>\n<li>\n<p>Ukse avamisel automaatne v\u00e4ljal\u00fclitus<\/p>\n<\/li>\n<li>\n<p>V\u00f5imalus paigaldada ni\u0161\u0161i<\/p>\n<\/li>\n<li>\n<p>Seinale kinnitamine<\/p>\n<\/li>\n<li>\n<p>Kokkupandavad riidepuu sektsioonid teleskoopjuhikutega<\/p>\n<\/li>\n<li>\n<p>Kahekihiline osakeste filter<\/p>\n<\/li>\n<li>\n<p>Jalan\u00f5ude alus<\/p>\n<\/li>\n<li>\n<p>Automaatprogrammid<\/p>\n<\/li>\n<\/ul>\n<\/li>\n<\/ul>\n","protected":false},"featured_media":72717,"template":"","meta":[],"product_cat":[2830],"product_tag":[],"_links":{"self":[{"href":"https:\/\/luxtehnikashop.ee\/et\/wp-json\/wp\/v2\/product\/72716"}],"collection":[{"href":"https:\/\/luxtehnikashop.ee\/et\/wp-json\/wp\/v2\/product"}],"about":[{"href":"https:\/\/luxtehnikashop.ee\/et\/wp-json\/wp\/v2\/types\/product"}],"wp:featuredmedia":[{"embeddable":true,"href":"https:\/\/luxtehnikashop.ee\/et\/wp-json\/wp\/v2\/media\/72717"}],"wp:attachment":[{"href":"https:\/\/luxtehnikashop.ee\/et\/wp-json\/wp\/v2\/media?parent=72716"}],"wp:term":[{"taxonomy":"product_cat","embeddable":true,"href":"https:\/\/luxtehnikashop.ee\/et\/wp-json\/wp\/v2\/product_cat?post=72716"},{"taxonomy":"product_tag","embeddable":true,"href":"https:\/\/luxtehnikashop.ee\/et\/wp-json\/wp\/v2\/product_tag?post=72716"}],"curies":[{"name":"wp","href":"https:\/\/api.w.org\/{rel}","templated":true}]}}