{"id":74140,"date":"2026-04-23T02:00:51","date_gmt":"2026-04-23T02:00:51","guid":{"rendered":""},"modified":"2026-04-23T02:00:51","modified_gmt":"2026-04-23T02:00:51","slug":"blanco-evol-s-pro-soda-filter-set-co2-rst-kasidusiga-koogisegisti-filtreerimatta-ja-filtreeritud-veele","status":"publish","type":"product","link":"https:\/\/luxtehnikashop.ee\/et\/p\/blanco-evol-s-pro-soda-filter-set-co2-rst-kasidusiga-koogisegisti-filtreerimatta-ja-filtreeritud-veele\/","title":{"rendered":"BLANCO EVOL-S PRO Soda &#038; Filter Set CO2 RST K\u00e4sidu\u0161iga K\u00f6\u00f6gisegisti filtreerimatta ja filtreeritud veele"},"content":{"rendered":"","protected":false},"excerpt":{"rendered":"<p>Kombi K\u00f6\u00f6gisegisti K\u00e4sidu\u0161iga, viltreeritud ja gaseeritud veele<br \/>5in1-koik \u00fches vees\u00fcsteem filtreeritud, jahutatud, gaseerimata, keskmise ja gaseeritud vee jaoks otse kraanist, samuti tavalise kuuma ja k\u00fclma veele<br \/>Segisti on m\u00f5eldud K\u00f6\u00f6givalamule paigaldamiseks ja \u00fchendamiseks veepuhastusfiltriga<br \/>Kvaliteetne jahutus- ja gaseerimisseade intuitiivse puutetundliku ekraani, men\u00fc\u00fc navigeerimise ning filtri mahutavuse ja CO2 indikaatoriga.<br \/>\u00dchendab stiilse disaini ja t\u00e4iustatud funktsionaalsuse.<br \/>V\u00f5imaldab eraldi tilade kaudu k\u00fclma, sooja ja filtreeritud vett, tagades mugavuse ja kvaliteetse joogivee.<br \/>Filtreeritud vee kogust v\u00f5malik reguleerida p\u00f6\u00f6rdnupu ja intuitiivsete juhtnuppude abil.<br \/>Kahe joaga du\u0161\u0161, millel on l\u00fcliti joa ja du\u0161i vahel ning magnetiline hoidik du\u0161ipea turvaliseks ja kindla kinnitamiseks.<br \/>Stabiliseeriv plaat segisti stabiilsuse suurendamiseks.<br \/>Joogivesi ja p\u00f5hivesi v\u00e4ljastatakse segamata eraldi otsikute kaudu \u00fches segistis, s\u00e4\u00e4stes ruumi valamu kohal.<br \/>Viimistlus: Brushed St.Steel, Black Matt<\/p>\n","protected":false},"featured_media":74141,"template":"","meta":[],"product_cat":[275],"product_tag":[],"_links":{"self":[{"href":"https:\/\/luxtehnikashop.ee\/et\/wp-json\/wp\/v2\/product\/74140"}],"collection":[{"href":"https:\/\/luxtehnikashop.ee\/et\/wp-json\/wp\/v2\/product"}],"about":[{"href":"https:\/\/luxtehnikashop.ee\/et\/wp-json\/wp\/v2\/types\/product"}],"wp:featuredmedia":[{"embeddable":true,"href":"https:\/\/luxtehnikashop.ee\/et\/wp-json\/wp\/v2\/media\/74141"}],"wp:attachment":[{"href":"https:\/\/luxtehnikashop.ee\/et\/wp-json\/wp\/v2\/media?parent=74140"}],"wp:term":[{"taxonomy":"product_cat","embeddable":true,"href":"https:\/\/luxtehnikashop.ee\/et\/wp-json\/wp\/v2\/product_cat?post=74140"},{"taxonomy":"product_tag","embeddable":true,"href":"https:\/\/luxtehnikashop.ee\/et\/wp-json\/wp\/v2\/product_tag?post=74140"}],"curies":[{"name":"wp","href":"https:\/\/api.w.org\/{rel}","templated":true}]}}